{"id":486,"date":"2022-06-08T01:10:42","date_gmt":"2022-06-08T06:10:42","guid":{"rendered":"https:\/\/zonacaterpillar.com\/ec\/?post_type=product&#038;p=486"},"modified":"2022-06-21T11:12:39","modified_gmt":"2022-06-21T16:12:39","slug":"cat-accomplice-x-botas-de-trabajo-caterpillar-impermeables-con-punta-de-acero-para-hombre-bk","status":"publish","type":"product","link":"https:\/\/zonacaterpillar.com\/ec\/producto\/cat-accomplice-x-botas-de-trabajo-caterpillar-impermeables-con-punta-de-acero-para-hombre-bk\/","title":{"rendered":"Cat Accomplice X Impermeables con Punta de Acero"},"content":{"rendered":"<p>Hecho con innovaci\u00f3n e integridad. El Accomplice es perfecto para el uso diario con un estilo moderno. Esta bota no solo duplica la durabilidad y la protecci\u00f3n, sino que tambi\u00e9n est\u00e1 acolchada para energizar cada paso.<br \/>\nCARACTER\u00cdSTICAS CLAVE:<br \/>\n\u2022 Comodidad dise\u00f1ada para apoyar su pie<br \/>\n\u2022 Protecci\u00f3n confiable con punta de acero (ASTM F2413-18)<br \/>\n\u2022 Resistente al agua para mantener los pies secos en el trabajo<\/p>\n<p>M\u00c1S INFORMACI\u00d3N:<br \/>\n\u2022 Forro de calcet\u00edn de malla de nailon suave y transpirable con tecnolog\u00eda probi\u00f3tica de control de olores CLEANSPORT NXT\u2122<br \/>\n\u2022 Suela exterior de goma duradera para tracci\u00f3n<br \/>\n\u2022 La protecci\u00f3n contra riesgos el\u00e9ctricos est\u00e1 clasificada para proteger contra circuitos abiertos de hasta 600 voltios en condiciones secas (ASTM F2413-18)<br \/>\n\u2022 Construcci\u00f3n de cemento para una sensaci\u00f3n duradera pero liviana<\/p>\n","protected":false},"excerpt":{"rendered":"<p class=\"product_title entry-title\"><span style=\"font-size: 18px;\">Botas de Trabajo Caterpillar Impermeables con Punta de Acero para Hombre<\/span><\/p>\n<p class=\"product_title entry-title\"><span style=\"font-size: 18px;\">Color Negro<\/span><\/p>\n<p>&nbsp;<\/p>\n","protected":false},"featured_media":488,"template":"","meta":[],"product_cat":[25],"product_tag":[],"class_list":{"0":"post-486","1":"product","2":"type-product","3":"status-publish","4":"has-post-thumbnail","6":"product_cat-shoesm","8":"first","9":"instock","10":"shipping-taxable","11":"product-type-simple"},"_links":{"self":[{"href":"https:\/\/zonacaterpillar.com\/ec\/wp-json\/wp\/v2\/product\/486","targetHints":{"allow":["GET"]}}],"collection":[{"href":"https:\/\/zonacaterpillar.com\/ec\/wp-json\/wp\/v2\/product"}],"about":[{"href":"https:\/\/zonacaterpillar.com\/ec\/wp-json\/wp\/v2\/types\/product"}],"wp:featuredmedia":[{"embeddable":true,"href":"https:\/\/zonacaterpillar.com\/ec\/wp-json\/wp\/v2\/media\/488"}],"wp:attachment":[{"href":"https:\/\/zonacaterpillar.com\/ec\/wp-json\/wp\/v2\/media?parent=486"}],"wp:term":[{"taxonomy":"product_cat","embeddable":true,"href":"https:\/\/zonacaterpillar.com\/ec\/wp-json\/wp\/v2\/product_cat?post=486"},{"taxonomy":"product_tag","embeddable":true,"href":"https:\/\/zonacaterpillar.com\/ec\/wp-json\/wp\/v2\/product_tag?post=486"}],"curies":[{"name":"wp","href":"https:\/\/api.w.org\/{rel}","templated":true}]}}