{"id":2845,"date":"2022-06-25T19:52:06","date_gmt":"2022-06-26T00:52:06","guid":{"rendered":"https:\/\/zonacaterpillar.com\/ec\/?post_type=product&#038;p=2845"},"modified":"2022-06-25T19:52:06","modified_gmt":"2022-06-26T00:52:06","slug":"cat-woodward-con-punta-de-acero","status":"publish","type":"product","link":"https:\/\/zonacaterpillar.com\/ec\/producto\/cat-woodward-con-punta-de-acero\/","title":{"rendered":"Cat Woodward con Punta de Acero"},"content":{"rendered":"<p>La zapatilla de trabajo Woodward une a la perfecci\u00f3n el trabajo con la vida, de d\u00eda y de noche, para ayudarlo a seguir adelante y descansar. Esta versi\u00f3n moderna de la zapatilla retro combina la durabilidad inigualable y resistente que define a Cat Footwear con la comodidad atl\u00e9tica para ayudarlo a rendir al m\u00e1ximo. Ideal para trabajos de almac\u00e9n e industria ligera.<br \/>\nCARACTER\u00cdSTICAS CLAVE<br \/>\n\u2022 La tecnolog\u00eda ERGO est\u00e1 dise\u00f1ada biomec\u00e1nicamente para brindar estabilidad, flexibilidad y comodidad<br \/>\n\u2022 La suela exterior de goma antideslizante es resistente a la abrasi\u00f3n, funciona contra el aceite y el agua y proporciona agarre en superficies de baja tracci\u00f3n<br \/>\n\u2022 Puntera de acero que protege contra impactos y compresi\u00f3n (ASTM F2413-18)<\/p>\n<p>M\u00c1S INFORMACI\u00d3N<br \/>\n\u2022 Protecci\u00f3n contra riesgos el\u00e9ctricos clasificada para proteger contra circuitos abiertos de hasta 600 voltios en condiciones secas (ASTM F2413-18)<br \/>\n\u2022 El forro de malla de nailon dise\u00f1ado optimiza la transpirabilidad y la comodidad<br \/>\n\u2022 El forro de calcet\u00edn antimicrobiano ayuda a prevenir el mal olor<br \/>\n\u2022 La construcci\u00f3n del calzado brinda una flexibilidad superior y una durabilidad liviana<br \/>\n\u2022 El cuero y los textiles de calidad protegen contra la abrasi\u00f3n y los peligros en el lugar de trabajo<br \/>\n\u2022 La plantilla de espuma dise\u00f1ada EASE esculpida ofrece absorci\u00f3n adicional de impactos<br \/>\n\u2022 Fabricado en curtidur\u00edas con calificaci\u00f3n Gold (LWG)<br \/>\n\u2022 Importado<\/p>\n","protected":false},"excerpt":{"rendered":"<p>La zapatilla de trabajo Woodward une a la perfecci\u00f3n el trabajo con la vida, de d\u00eda y de noche, para ayudarlo a seguir adelante y descansar. Esta versi\u00f3n moderna de la zapatilla retro combina la durabilidad inigualable y resistente que define a Cat Footwear con la comodidad atl\u00e9tica para ayudarlo a rendir al m\u00e1ximo. Ideal [&hellip;]<\/p>\n","protected":false},"featured_media":2837,"template":"","meta":[],"product_cat":[26],"product_tag":[],"class_list":{"0":"post-2845","1":"product","2":"type-product","3":"status-publish","4":"has-post-thumbnail","6":"product_cat-shoesw","8":"first","9":"instock","10":"shipping-taxable","11":"product-type-simple"},"_links":{"self":[{"href":"https:\/\/zonacaterpillar.com\/ec\/wp-json\/wp\/v2\/product\/2845","targetHints":{"allow":["GET"]}}],"collection":[{"href":"https:\/\/zonacaterpillar.com\/ec\/wp-json\/wp\/v2\/product"}],"about":[{"href":"https:\/\/zonacaterpillar.com\/ec\/wp-json\/wp\/v2\/types\/product"}],"wp:featuredmedia":[{"embeddable":true,"href":"https:\/\/zonacaterpillar.com\/ec\/wp-json\/wp\/v2\/media\/2837"}],"wp:attachment":[{"href":"https:\/\/zonacaterpillar.com\/ec\/wp-json\/wp\/v2\/media?parent=2845"}],"wp:term":[{"taxonomy":"product_cat","embeddable":true,"href":"https:\/\/zonacaterpillar.com\/ec\/wp-json\/wp\/v2\/product_cat?post=2845"},{"taxonomy":"product_tag","embeddable":true,"href":"https:\/\/zonacaterpillar.com\/ec\/wp-json\/wp\/v2\/product_tag?post=2845"}],"curies":[{"name":"wp","href":"https:\/\/api.w.org\/{rel}","templated":true}]}}