{"id":2829,"date":"2022-06-25T19:46:12","date_gmt":"2022-06-26T00:46:12","guid":{"rendered":"https:\/\/zonacaterpillar.com\/ec\/?post_type=product&#038;p=2829"},"modified":"2022-06-25T19:47:14","modified_gmt":"2022-06-26T00:47:14","slug":"cat-tess-con-punta-de-acero-2","status":"publish","type":"product","link":"https:\/\/zonacaterpillar.com\/ec\/producto\/cat-tess-con-punta-de-acero-2\/","title":{"rendered":"Cat Tess con Punta de Acero"},"content":{"rendered":"<p>La Tess es una bota de trabajo moderna que proporciona protecci\u00f3n durante todo el d\u00eda sin sacrificar la comodidad ni el estilo. El cuello de estilo polar y la parte superior de cuero de plena flor ofrecen un aspecto resistente y duradero de estilo chukka para excursionistas que est\u00e1 listo para cualquier condici\u00f3n en el lugar de trabajo para que pueda rendir al m\u00e1ximo.<br \/>\nCARACTER\u00cdSTICAS CLAVE<br \/>\n\u2022 Puntera de acero que protege contra impactos y compresi\u00f3n (ASTM F2413-18)<br \/>\n\u2022 Protecci\u00f3n contra riesgos el\u00e9ctricos clasificada para proteger contra circuitos abiertos de hasta 600 voltios en condiciones secas (ASTM F2413-18)<br \/>\n\u2022 La suela exterior de goma antideslizante es resistente a la abrasi\u00f3n, funciona contra el aceite y el agua y proporciona agarre en superficies de baja tracci\u00f3n<br \/>\n\u2022 La entresuela de EVA moldeada ofrece absorci\u00f3n de impactos adicional y comodidad durante todo el d\u00eda<\/p>\n<p>M\u00c1S INFORMACI\u00d3N<br \/>\n\u2022 La construcci\u00f3n Strobel brinda una flexibilidad superior y una durabilidad liviana<br \/>\n\u2022 El cuero de plena flor de calidad brinda durabilidad y protecci\u00f3n a largo plazo<br \/>\n\u2022 La tecnolog\u00eda ERGO est\u00e1 dise\u00f1ada para integrar estabilidad, flexibilidad y comodidad<br \/>\n\u2022 El forro de malla de nailon dise\u00f1ado optimiza la transpirabilidad y la comodidad<br \/>\n\u2022 Nylon Shank agrega soporte y estabilidad<br \/>\n\u2022 La suela exterior de goma antideslizante es resistente a la abrasi\u00f3n, funciona contra el aceite y el agua y proporciona agarre en superficies de baja tracci\u00f3n<br \/>\n\u2022 El cuello textil de vell\u00f3n de piel sint\u00e9tica es 80 % poli\u00e9ster, 20 % ray\u00f3n<br \/>\n\u2022 Fabricado en curtidur\u00edas con calificaci\u00f3n Gold (LWG)<br \/>\n\u2022 Importado<\/p>\n","protected":false},"excerpt":{"rendered":"<p>La Tess es una bota de trabajo moderna que proporciona protecci\u00f3n durante todo el d\u00eda sin sacrificar la comodidad ni el estilo. El cuello de estilo polar y la parte superior de cuero de plena flor ofrecen un aspecto resistente y duradero de estilo chukka para excursionistas que est\u00e1 listo para cualquier condici\u00f3n en el [&hellip;]<\/p>\n","protected":false},"featured_media":2821,"template":"","meta":[],"product_cat":[26],"product_tag":[],"class_list":{"0":"post-2829","1":"product","2":"type-product","3":"status-publish","4":"has-post-thumbnail","6":"product_cat-shoesw","8":"first","9":"instock","10":"shipping-taxable","11":"product-type-simple"},"_links":{"self":[{"href":"https:\/\/zonacaterpillar.com\/ec\/wp-json\/wp\/v2\/product\/2829","targetHints":{"allow":["GET"]}}],"collection":[{"href":"https:\/\/zonacaterpillar.com\/ec\/wp-json\/wp\/v2\/product"}],"about":[{"href":"https:\/\/zonacaterpillar.com\/ec\/wp-json\/wp\/v2\/types\/product"}],"wp:featuredmedia":[{"embeddable":true,"href":"https:\/\/zonacaterpillar.com\/ec\/wp-json\/wp\/v2\/media\/2821"}],"wp:attachment":[{"href":"https:\/\/zonacaterpillar.com\/ec\/wp-json\/wp\/v2\/media?parent=2829"}],"wp:term":[{"taxonomy":"product_cat","embeddable":true,"href":"https:\/\/zonacaterpillar.com\/ec\/wp-json\/wp\/v2\/product_cat?post=2829"},{"taxonomy":"product_tag","embeddable":true,"href":"https:\/\/zonacaterpillar.com\/ec\/wp-json\/wp\/v2\/product_tag?post=2829"}],"curies":[{"name":"wp","href":"https:\/\/api.w.org\/{rel}","templated":true}]}}