{"id":2638,"date":"2022-06-25T18:34:56","date_gmt":"2022-06-25T23:34:56","guid":{"rendered":"https:\/\/zonacaterpillar.com\/ec\/?post_type=product&#038;p=2638"},"modified":"2022-06-25T18:34:56","modified_gmt":"2022-06-25T23:34:56","slug":"cat-ally-6%e2%80%b3-impermeables-con-punta-compuesta-de-carbono","status":"publish","type":"product","link":"https:\/\/zonacaterpillar.com\/ec\/producto\/cat-ally-6%e2%80%b3-impermeables-con-punta-compuesta-de-carbono\/","title":{"rendered":"Cat Ally 6\u2033 Impermeables con Punta Compuesta de Carbono"},"content":{"rendered":"<p>Mereces estar c\u00f3modo durante tu larga jornada laboral, por eso necesitas la bota de trabajo Ally. Con la comodidad dise\u00f1ada por EASE, que es una espuma liviana y duradera debajo del pie que brinda un retorno de energ\u00eda continuo y lo mantiene c\u00f3modo durante todo el d\u00eda. Es una entresuela de espuma patentada que es un 30 % m\u00e1s liviana, m\u00e1s absorbente de impactos y m\u00e1s flexible que la EVA est\u00e1ndar. Y si eso no fuera suficiente, tambi\u00e9n cargamos esta bota con nuestra nueva tecnolog\u00eda Nano. D\u00edgale adi\u00f3s a la puntera abultada, la nueva bota de trabajo impermeable Ally de 6\u201d tambi\u00e9n le brinda una apariencia adelgazante con lo \u00faltimo en protecci\u00f3n. La suela exterior duradera y antideslizante reduce el riesgo de resbalones y ca\u00eddas en el lugar de trabajo y es resistente a la abrasi\u00f3n. Entra en el aliado y experimenta el poder de la comodidad.<br \/>\n\u2022 La puntera de material compuesto no met\u00e1lico ASTM F2413-18 protege la puntera del impacto o la compresi\u00f3n<br \/>\n\u2022 Protecci\u00f3n contra riesgos el\u00e9ctricos ASTM F2413-18 clasificada para proteger contra circuitos abiertos de hasta 600 voltios en condiciones secas<br \/>\n\u2022 La construcci\u00f3n Strobel brinda una flexibilidad superior y una durabilidad liviana<br \/>\n\u2022 La parte superior impermeable de cuero flor mantiene los pies secos y protegidos<br \/>\n\u2022 Forro de malla de nylon para mayor transpirabilidad y comodidad<br \/>\n\u2022 La plantilla EASE de doble densidad proporciona una absorci\u00f3n de impactos adicional<br \/>\n\u2022 Nylon Shank brinda estabilidad y soporte<br \/>\n\u2022 La entresuela EASE EVA moldeada proporciona una absorci\u00f3n de impactos excepcional y devuelve energ\u00eda<br \/>\n\u2022 V\u00e1stago de nailon para mayor soporte y estabilidad<br \/>\n\u2022 La suela exterior T1220 funciona contra el aceite y el agua, y es resistente a la abrasi\u00f3n<br \/>\n\u2022 La suela exterior de caucho antideslizante SRX, la mejor en su clase, reduce el riesgo de resbalones y ca\u00eddas con poca tracci\u00f3n<br \/>\n\u2022 Importado<\/p>\n","protected":false},"excerpt":{"rendered":"<p>Mereces estar c\u00f3modo durante tu larga jornada laboral, por eso necesitas la bota de trabajo Ally. Con la comodidad dise\u00f1ada por EASE, que es una espuma liviana y duradera debajo del pie que brinda un retorno de energ\u00eda continuo y lo mantiene c\u00f3modo durante todo el d\u00eda. Es una entresuela de espuma patentada que es [&hellip;]<\/p>\n","protected":false},"featured_media":2643,"template":"","meta":[],"product_cat":[26],"product_tag":[],"class_list":{"0":"post-2638","1":"product","2":"type-product","3":"status-publish","4":"has-post-thumbnail","6":"product_cat-shoesw","8":"first","9":"instock","10":"shipping-taxable","11":"product-type-simple"},"_links":{"self":[{"href":"https:\/\/zonacaterpillar.com\/ec\/wp-json\/wp\/v2\/product\/2638","targetHints":{"allow":["GET"]}}],"collection":[{"href":"https:\/\/zonacaterpillar.com\/ec\/wp-json\/wp\/v2\/product"}],"about":[{"href":"https:\/\/zonacaterpillar.com\/ec\/wp-json\/wp\/v2\/types\/product"}],"wp:featuredmedia":[{"embeddable":true,"href":"https:\/\/zonacaterpillar.com\/ec\/wp-json\/wp\/v2\/media\/2643"}],"wp:attachment":[{"href":"https:\/\/zonacaterpillar.com\/ec\/wp-json\/wp\/v2\/media?parent=2638"}],"wp:term":[{"taxonomy":"product_cat","embeddable":true,"href":"https:\/\/zonacaterpillar.com\/ec\/wp-json\/wp\/v2\/product_cat?post=2638"},{"taxonomy":"product_tag","embeddable":true,"href":"https:\/\/zonacaterpillar.com\/ec\/wp-json\/wp\/v2\/product_tag?post=2638"}],"curies":[{"name":"wp","href":"https:\/\/api.w.org\/{rel}","templated":true}]}}