{"id":2632,"date":"2022-06-25T18:26:38","date_gmt":"2022-06-25T23:26:38","guid":{"rendered":"https:\/\/zonacaterpillar.com\/ec\/?post_type=product&#038;p=2632"},"modified":"2022-06-25T18:26:38","modified_gmt":"2022-06-25T23:26:38","slug":"gafas-de-sol-polarizadas-caterpillar-rectangulares-2","status":"publish","type":"product","link":"https:\/\/zonacaterpillar.com\/ec\/producto\/gafas-de-sol-polarizadas-caterpillar-rectangulares-2\/","title":{"rendered":"Gafas de Sol Polarizadas Caterpillar Rectangulares"},"content":{"rendered":"","protected":false},"excerpt":{"rendered":"<div id=\"tab-description\" class=\"woocommerce-Tabs-panel woocommerce-Tabs-panel--description panel entry-content wc-tab\" role=\"tabpanel\" aria-labelledby=\"tab-title-description\">\n<ul class=\"a-unordered-list a-vertical a-spacing-mini\">\n<li><span class=\"a-list-item\">Importado<\/span><\/li>\n<li><span class=\"a-list-item\">Armaz\u00f3n de Policarbonato<\/span><\/li>\n<li><span class=\"a-list-item\">Lente de Tri Acetate Cellulose<\/span><\/li>\n<li><span class=\"a-list-item\">Polarizado<\/span><\/li>\n<li><span class=\"a-list-item\">Recubrimiento de UV Protection Coating<\/span><\/li>\n<li><span class=\"a-list-item\">Ancho del lente: 64 millimeters<\/span><\/li>\n<li><span class=\"a-list-item\">Puente: 16 millimeters<\/span><\/li>\n<\/ul>\n<div class=\"a-row a-expander-container a-expander-inline-container\" aria-live=\"polite\">\n<div class=\"a-expander-content a-expander-extend-content a-expander-content-expanded\" aria-expanded=\"true\">\n<ul class=\"a-unordered-list a-vertical a-spacing-none\">\n<li><span class=\"a-list-item\">Brazo: 135 millimeters<\/span><\/li>\n<li><span class=\"a-list-item\">CUPOLA es una silueta activa de envoltura alta<\/span><\/li>\n<li><span class=\"a-list-item\">Las lentes polarizadas de espejo dorado est\u00e1n hechas de celulosa de triacetato (TAC), una tecnolog\u00eda formulada para una claridad visual y polarizaci\u00f3n superior. Estas lentes est\u00e1n hechas principalmente de materiales naturales renovables, principalmente de pol\u00edmeros ecol\u00f3gicos de algod\u00f3n y celulosa de madera.<\/span><\/li>\n<li><span class=\"a-list-item\">Los marcos de policarbonato resistentes y ligeros cuentan con puntos de contacto de goma moldeada en las sienes para mayor comodidad y bisagras integradas<\/span><\/li>\n<li><span class=\"a-list-item\">Totalmente RXable: las gafas de sol Cat han sido dise\u00f1adas para ser esmaltadas por un \u00f3ptico y para llevar tu receta personal<\/span><\/li>\n<li><span class=\"a-list-item\">Gafas de sol con dise\u00f1o de gato, potentes, fiables, resistentes y duraderas<\/span><\/li>\n<\/ul>\n<\/div>\n<\/div>\n<\/div>\n","protected":false},"featured_media":2633,"template":"","meta":[],"product_cat":[29],"product_tag":[],"class_list":{"0":"post-2632","1":"product","2":"type-product","3":"status-publish","4":"has-post-thumbnail","6":"product_cat-sunglass","8":"first","9":"instock","10":"shipping-taxable","11":"product-type-simple"},"_links":{"self":[{"href":"https:\/\/zonacaterpillar.com\/ec\/wp-json\/wp\/v2\/product\/2632","targetHints":{"allow":["GET"]}}],"collection":[{"href":"https:\/\/zonacaterpillar.com\/ec\/wp-json\/wp\/v2\/product"}],"about":[{"href":"https:\/\/zonacaterpillar.com\/ec\/wp-json\/wp\/v2\/types\/product"}],"wp:featuredmedia":[{"embeddable":true,"href":"https:\/\/zonacaterpillar.com\/ec\/wp-json\/wp\/v2\/media\/2633"}],"wp:attachment":[{"href":"https:\/\/zonacaterpillar.com\/ec\/wp-json\/wp\/v2\/media?parent=2632"}],"wp:term":[{"taxonomy":"product_cat","embeddable":true,"href":"https:\/\/zonacaterpillar.com\/ec\/wp-json\/wp\/v2\/product_cat?post=2632"},{"taxonomy":"product_tag","embeddable":true,"href":"https:\/\/zonacaterpillar.com\/ec\/wp-json\/wp\/v2\/product_tag?post=2632"}],"curies":[{"name":"wp","href":"https:\/\/api.w.org\/{rel}","templated":true}]}}