{"id":2628,"date":"2022-06-25T18:23:11","date_gmt":"2022-06-25T23:23:11","guid":{"rendered":"https:\/\/zonacaterpillar.com\/ec\/?post_type=product&#038;p=2628"},"modified":"2022-06-25T18:23:11","modified_gmt":"2022-06-25T23:23:11","slug":"gafas-de-sol-caterpillar-thermo-wrap-2","status":"publish","type":"product","link":"https:\/\/zonacaterpillar.com\/ec\/producto\/gafas-de-sol-caterpillar-thermo-wrap-2\/","title":{"rendered":"Gafas de Sol Caterpillar Thermo Wrap"},"content":{"rendered":"","protected":false},"excerpt":{"rendered":"<div id=\"tab-description\" class=\"woocommerce-Tabs-panel woocommerce-Tabs-panel--description panel entry-content wc-tab\" role=\"tabpanel\" aria-labelledby=\"tab-title-description\">\n<div id=\"softlinesTwister_feature_div\" class=\"celwidget\" data-feature-name=\"softlinesTwister\" data-csa-c-id=\"w5at5z-ev9tvw-a6vah1-eek11j\" data-cel-widget=\"softlinesTwister_feature_div\">\n<div id=\"twisterContainer\" class=\"addTwisterMargin\">\n<div class=\"a-section\">\n<form id=\"twister\" class=\"a-spacing-small\" action=\"https:\/\/www.amazon.com\/gp\/product\" method=\"get\">\n<div id=\"variation_color_name\" class=\"a-section a-spacing-small\">\n<div class=\"a-row a-spacing-micro singleton\"><span class=\"selection\">Negro<\/span><\/div>\n<\/div>\n<div id=\"variation_lens_width\" class=\"a-section a-spacing-small\">\n<div class=\"a-row a-spacing-micro singleton\"><label class=\"a-form-label\">Ancho de la lente:\u00a0<\/label><span class=\"selection\">71 Mil\u00edmetros<\/span><\/div>\n<\/div>\n<\/form>\n<\/div>\n<\/div>\n<\/div>\n<div id=\"productOverview_feature_div\" class=\"celwidget\" data-feature-name=\"productOverview\" data-csa-c-id=\"5xe3p2-r2o3ic-pfbdy6-pqgbm4\" data-cel-widget=\"productOverview_feature_div\"><\/div>\n<div id=\"featurebullets_feature_div\" class=\"celwidget\" data-feature-name=\"featurebullets\" data-csa-c-id=\"ia6snh-psqkxw-nvxkkr-ofkm93\" data-cel-widget=\"featurebullets_feature_div\">\n<div id=\"feature-bullets\" class=\"a-section a-spacing-medium a-spacing-top-small\">\n<ul class=\"a-unordered-list a-vertical a-spacing-mini\">\n<li><span class=\"a-list-item\">Importado<\/span><\/li>\n<li><span class=\"a-list-item\">Piezas de goma moldeadas y puntas para mayor comodidad y ajuste.<\/span><\/li>\n<li><span class=\"a-list-item\">Acabado en goma mate.<\/span><\/li>\n<li><span class=\"a-list-item\">Funda incluida.<\/span><\/li>\n<li><span class=\"a-list-item\">Lentes polarizadas TAC ligeras que proporcionan una protecci\u00f3n superior contra el deslumbramiento.<\/span><\/li>\n<li><span class=\"a-list-item\">Envoltura deportiva con marco de estilo superior.<\/span><\/li>\n<\/ul>\n<div class=\"celwidget aplus-module module-1 aplus-standard\" data-csa-c-id=\"2qvemf-45s6jj-3k9wd5-mm9w7s\" data-cel-widget=\"aplus-module-1\">\n<div class=\"a-expander-collapsed-height a-row a-expander-container a-expander-partial-collapse-container\" aria-live=\"polite\" data-a-expander-name=\"aplus-module-expander\" data-a-expander-collapsed-height=\"700\">\n<div class=\"a-expander-content a-expander-partial-collapse-content\" aria-expanded=\"false\">\n<div class=\"aplus-module-wrapper apm-fixed-width\">\n<div class=\"apm-spacing apm-wrap\">\n<div class=\"apm-floatleft apm-wrap\">\n<div class=\"apm-centerthirdcol apm-wrap\">\n<h4 class=\"a-spacing-mini a-color-secondary a-text-italic\">Polarizado.<\/h4>\n<p class=\"a-spacing-base\">Caterpillar tiene una larga y rica historia en la construcci\u00f3n de motores potentes y confiables y equipos duros para los trabajos m\u00e1s grandes del mundo, todos los d\u00edas.<\/p>\n<p class=\"a-spacing-base\">Los tonos m\u00e1s duros que hacemos, dise\u00f1ados para una mayor durabilidad y una visi\u00f3n superior.<\/p>\n<p class=\"a-spacing-base\">Las lentes polarizadas vienen como est\u00e1ndar en verde cl\u00e1sico, humo y marr\u00f3n para conducir. Estos marcos tambi\u00e9n han sido dise\u00f1ados para ser acristalados por un \u00f3ptico y para llevar su receta personal si es necesario.<\/p>\n<div class=\"amp-centerthirdcol-listbox\">\n<div class=\"a-box a-spacing-small a-color-alternate-background apm-listbox amp-centerthirdcol-listbox\">\n<div class=\"a-box-inner\">\n<ul class=\"a-unordered-list a-vertical\">\n<li><span class=\"a-list-item\"><span class=\"a-size-base\">POLARIZADO<\/span><\/span><\/li>\n<li><span class=\"a-list-item\"><span class=\"a-size-base\">Protecci\u00f3n 100% UVA+B.<\/span><\/span><\/li>\n<li><span class=\"a-list-item\"><span class=\"a-size-base\">Ligera.<\/span><\/span><\/li>\n<\/ul>\n<\/div>\n<\/div>\n<\/div>\n<\/div>\n<\/div>\n<\/div>\n<\/div>\n<\/div>\n<\/div>\n<\/div>\n<div class=\"celwidget aplus-module module-7 aplus-standard\" data-csa-c-id=\"wfg97w-6uolfh-ggjhw1-uov7fq\" data-cel-widget=\"aplus-module-7\">\n<div class=\"a-expander-collapsed-height a-row a-expander-container a-expander-partial-collapse-container\" aria-live=\"polite\" data-a-expander-name=\"aplus-module-expander\" data-a-expander-collapsed-height=\"700\">\n<div class=\"a-expander-content a-expander-partial-collapse-content\" aria-expanded=\"false\">\n<div class=\"aplus-module-wrapper apm-fixed-width\">\n<div class=\"apm-spacing apm-wrap\">\n<div class=\"apm-floatleft apm-wrap\">\n<div class=\"apm-rightthirdcol\">\n<div class=\"apm-rightthirdcol-inner\">\n<h4>Beneficios de las lentes TAC<\/h4>\n<div class=\"a-section\">\n<ul class=\"a-unordered-list a-vertical\">\n<li><span class=\"a-list-item\"><span class=\"a-size-base\">POLARIZADO para una visi\u00f3n sin reflejos<\/span><\/span><\/li>\n<li><span class=\"a-list-item\"><span class=\"a-size-base\">Protecci\u00f3n 100% UVA+B.<\/span><\/span><\/li>\n<li><span class=\"a-list-item\"><span class=\"a-size-base\">Agudeza visual \u00f3ptima<\/span><\/span><\/li>\n<li><span class=\"a-list-item\"><span class=\"a-size-base\">Alta durabilidad.<\/span><\/span><\/li>\n<li><span class=\"a-list-item\"><span class=\"a-size-base\">Antiara\u00f1azos.<\/span><\/span><\/li>\n<li><span class=\"a-list-item\"><span class=\"a-size-base\">Hecho de materiales naturales y renovables.<\/span><\/span><\/li>\n<\/ul>\n<\/div>\n<\/div>\n<\/div>\n<div class=\"apm-centerthirdcol\">\n<h4 class=\"a-spacing-mini\">Material y dise\u00f1o de lente<\/h4>\n<h5 class=\"a-spacing-mini\">Celulosa de triacetato de 0.039 in (TAC).<\/h5>\n<p class=\"a-spacing-base\">Todas las gafas de sol Caterpillar con lentes polarizadas est\u00e1n hechas de celulosa triacetato de 0.039 in (TAC), una tecnolog\u00eda formulada para una claridad visual y polarizaci\u00f3n superior.<\/p>\n<p class=\"a-spacing-base\">Estas lentes est\u00e1n hechas principalmente de materiales naturales renovables, principalmente ecopol\u00edmeros de algod\u00f3n y celulosa de madera.<\/p>\n<\/div>\n<\/div>\n<\/div>\n<\/div>\n<\/div>\n<\/div>\n<\/div>\n<\/div>\n<\/div>\n<\/div>\n","protected":false},"featured_media":2629,"template":"","meta":[],"product_cat":[29],"product_tag":[],"class_list":{"0":"post-2628","1":"product","2":"type-product","3":"status-publish","4":"has-post-thumbnail","6":"product_cat-sunglass","8":"first","9":"instock","10":"shipping-taxable","11":"product-type-simple"},"_links":{"self":[{"href":"https:\/\/zonacaterpillar.com\/ec\/wp-json\/wp\/v2\/product\/2628","targetHints":{"allow":["GET"]}}],"collection":[{"href":"https:\/\/zonacaterpillar.com\/ec\/wp-json\/wp\/v2\/product"}],"about":[{"href":"https:\/\/zonacaterpillar.com\/ec\/wp-json\/wp\/v2\/types\/product"}],"wp:featuredmedia":[{"embeddable":true,"href":"https:\/\/zonacaterpillar.com\/ec\/wp-json\/wp\/v2\/media\/2629"}],"wp:attachment":[{"href":"https:\/\/zonacaterpillar.com\/ec\/wp-json\/wp\/v2\/media?parent=2628"}],"wp:term":[{"taxonomy":"product_cat","embeddable":true,"href":"https:\/\/zonacaterpillar.com\/ec\/wp-json\/wp\/v2\/product_cat?post=2628"},{"taxonomy":"product_tag","embeddable":true,"href":"https:\/\/zonacaterpillar.com\/ec\/wp-json\/wp\/v2\/product_tag?post=2628"}],"curies":[{"name":"wp","href":"https:\/\/api.w.org\/{rel}","templated":true}]}}