{"id":2613,"date":"2022-06-25T17:42:24","date_gmt":"2022-06-25T22:42:24","guid":{"rendered":"https:\/\/zonacaterpillar.com\/ec\/?post_type=product&#038;p=2613"},"modified":"2022-06-25T17:42:24","modified_gmt":"2022-06-25T22:42:24","slug":"gafas-de-seguridad-lente-ahumado-caterpillar","status":"publish","type":"product","link":"https:\/\/zonacaterpillar.com\/ec\/producto\/gafas-de-seguridad-lente-ahumado-caterpillar\/","title":{"rendered":"Gafas de Seguridad Lente Ahumado Caterpillar"},"content":{"rendered":"","protected":false},"excerpt":{"rendered":"<div id=\"productOverview_feature_div\" class=\"celwidget\" data-feature-name=\"productOverview\" data-csa-c-id=\"t3x2ji-gvrhuv-2oyy4k-1z62qu\" data-cel-widget=\"productOverview_feature_div\">\n<div class=\"a-section a-spacing-small a-spacing-top-small\">\n<table class=\"a-normal a-spacing-micro\">\n<tbody>\n<tr class=\"a-spacing-small\">\n<td class=\"a-span3\"><span class=\"a-size-base a-text-bold\">Color<\/span><\/td>\n<td class=\"a-span9\"><span class=\"a-size-base\">Black and Yellow<\/span><\/td>\n<\/tr>\n<tr class=\"a-spacing-small\">\n<td class=\"a-span3\"><span class=\"a-size-base a-text-bold\">Dimensiones del art\u00edculo LxWxH<\/span><\/td>\n<td class=\"a-span9\"><span class=\"a-size-base\">5.51 x 1.57 x 1.97 pulgadas<\/span><\/td>\n<\/tr>\n<tr class=\"a-spacing-small\">\n<td class=\"a-span3\"><span class=\"a-size-base a-text-bold\">Descripci\u00f3n del recubrimiento del lente<\/span><\/td>\n<td class=\"a-span9\"><span class=\"a-size-base\">Anti-Fog Coating<\/span><\/td>\n<\/tr>\n<tr class=\"a-spacing-small\">\n<td class=\"a-span3\"><span class=\"a-size-base a-text-bold\">Color del lente<\/span><\/td>\n<td class=\"a-span9\"><span class=\"a-size-base\">Ahumado<\/span><\/td>\n<\/tr>\n<\/tbody>\n<\/table>\n<\/div>\n<\/div>\n<div id=\"featurebullets_feature_div\" class=\"celwidget\" data-feature-name=\"featurebullets\" data-csa-c-id=\"ww93bj-ul4bsy-uf2pzp-2t5m24\" data-cel-widget=\"featurebullets_feature_div\">\n<div id=\"feature-bullets\" class=\"a-section a-spacing-medium a-spacing-top-small\">\n<ul class=\"a-unordered-list a-vertical a-spacing-mini\">\n<li><span class=\"a-list-item\">Certificaci\u00f3n internacional: ANZI, CSA, EN, AS\/NZS.<\/span><\/li>\n<li><span class=\"a-list-item\">Ligeras, c\u00f3modas, resistentes y duraderas.<\/span><\/li>\n<li><span class=\"a-list-item\">\u00d3pticamente correctas, sin distorsi\u00f3n, sin distracci\u00f3n, reducen la irritaci\u00f3n y el cansancio de la vista.<\/span><\/li>\n<li><span class=\"a-list-item\">Revestimientos antiara\u00f1azos y antivaho.<\/span><\/li>\n<li><span class=\"a-list-item\">\u00c1ngulo de la lente ajustable con sistema de ventilaci\u00f3n.<\/span><\/li>\n<\/ul>\n<\/div>\n<\/div>\n","protected":false},"featured_media":2614,"template":"","meta":[],"product_cat":[29],"product_tag":[],"class_list":{"0":"post-2613","1":"product","2":"type-product","3":"status-publish","4":"has-post-thumbnail","6":"product_cat-sunglass","8":"first","9":"instock","10":"shipping-taxable","11":"product-type-simple"},"_links":{"self":[{"href":"https:\/\/zonacaterpillar.com\/ec\/wp-json\/wp\/v2\/product\/2613","targetHints":{"allow":["GET"]}}],"collection":[{"href":"https:\/\/zonacaterpillar.com\/ec\/wp-json\/wp\/v2\/product"}],"about":[{"href":"https:\/\/zonacaterpillar.com\/ec\/wp-json\/wp\/v2\/types\/product"}],"wp:featuredmedia":[{"embeddable":true,"href":"https:\/\/zonacaterpillar.com\/ec\/wp-json\/wp\/v2\/media\/2614"}],"wp:attachment":[{"href":"https:\/\/zonacaterpillar.com\/ec\/wp-json\/wp\/v2\/media?parent=2613"}],"wp:term":[{"taxonomy":"product_cat","embeddable":true,"href":"https:\/\/zonacaterpillar.com\/ec\/wp-json\/wp\/v2\/product_cat?post=2613"},{"taxonomy":"product_tag","embeddable":true,"href":"https:\/\/zonacaterpillar.com\/ec\/wp-json\/wp\/v2\/product_tag?post=2613"}],"curies":[{"name":"wp","href":"https:\/\/api.w.org\/{rel}","templated":true}]}}