{"id":2586,"date":"2022-06-25T17:19:48","date_gmt":"2022-06-25T22:19:48","guid":{"rendered":"https:\/\/zonacaterpillar.com\/ec\/?post_type=product&#038;p=2586"},"modified":"2022-06-25T17:19:48","modified_gmt":"2022-06-25T22:19:48","slug":"mochila-caterpillar-kenneth-milllennial-schwarz-24-l","status":"publish","type":"product","link":"https:\/\/zonacaterpillar.com\/ec\/producto\/mochila-caterpillar-kenneth-milllennial-schwarz-24-l\/","title":{"rendered":"Mochila Caterpillar Kenneth Milllennial Schwarz 24 L"},"content":{"rendered":"","protected":false},"excerpt":{"rendered":"<div id=\"tab-description\" class=\"woocommerce-Tabs-panel woocommerce-Tabs-panel--description panel entry-content wc-tab\" role=\"tabpanel\" aria-labelledby=\"tab-title-description\">\n<ul class=\"a-unordered-list a-vertical a-spacing-mini\">\n<li><span class=\"a-list-item\">2 grandes compartimentos principales con cremallera, uno con compartimento acolchado para port\u00e1til con cierre de velcro, para port\u00e1tiles de hasta 15,6 pulgadas<\/span><\/li>\n<li><span class=\"a-list-item\">Bolsillo frontal con cremallera acolchado con panel organizador integrado para bol\u00edgrafos, documentos y otros objetos de valor<\/span><\/li>\n<li><span class=\"a-list-item\">2 bolsillos laterales de red con correa el\u00e1stica para botellas u otros productos<\/span><\/li>\n<li><span class=\"a-list-item\">2 correas de compresi\u00f3n para mayor estabilidad y se pliega a un tama\u00f1o peque\u00f1o<\/span><\/li>\n<li><span class=\"a-list-item\">Correa de transporte acolchada con clip<\/span><\/li>\n<\/ul>\n<\/div>\n","protected":false},"featured_media":2591,"template":"","meta":[],"product_cat":[32],"product_tag":[],"class_list":{"0":"post-2586","1":"product","2":"type-product","3":"status-publish","4":"has-post-thumbnail","6":"product_cat-bagpack","8":"first","9":"instock","10":"shipping-taxable","11":"product-type-simple"},"_links":{"self":[{"href":"https:\/\/zonacaterpillar.com\/ec\/wp-json\/wp\/v2\/product\/2586","targetHints":{"allow":["GET"]}}],"collection":[{"href":"https:\/\/zonacaterpillar.com\/ec\/wp-json\/wp\/v2\/product"}],"about":[{"href":"https:\/\/zonacaterpillar.com\/ec\/wp-json\/wp\/v2\/types\/product"}],"wp:featuredmedia":[{"embeddable":true,"href":"https:\/\/zonacaterpillar.com\/ec\/wp-json\/wp\/v2\/media\/2591"}],"wp:attachment":[{"href":"https:\/\/zonacaterpillar.com\/ec\/wp-json\/wp\/v2\/media?parent=2586"}],"wp:term":[{"taxonomy":"product_cat","embeddable":true,"href":"https:\/\/zonacaterpillar.com\/ec\/wp-json\/wp\/v2\/product_cat?post=2586"},{"taxonomy":"product_tag","embeddable":true,"href":"https:\/\/zonacaterpillar.com\/ec\/wp-json\/wp\/v2\/product_tag?post=2586"}],"curies":[{"name":"wp","href":"https:\/\/api.w.org\/{rel}","templated":true}]}}