{"id":2544,"date":"2022-06-25T16:55:18","date_gmt":"2022-06-25T21:55:18","guid":{"rendered":"https:\/\/zonacaterpillar.com\/ec\/?post_type=product&#038;p=2544"},"modified":"2022-06-25T16:55:18","modified_gmt":"2022-06-25T21:55:18","slug":"canguro-deportivo-caterpillar-negro","status":"publish","type":"product","link":"https:\/\/zonacaterpillar.com\/ec\/producto\/canguro-deportivo-caterpillar-negro\/","title":{"rendered":"Canguro Deportivo Caterpillar Negro"},"content":{"rendered":"","protected":false},"excerpt":{"rendered":"<div id=\"tab-description\" class=\"woocommerce-Tabs-panel woocommerce-Tabs-panel--description panel entry-content wc-tab\" role=\"tabpanel\" aria-labelledby=\"tab-title-description\">\n<ul class=\"a-unordered-list a-vertical a-spacing-mini\">\n<li><span class=\"a-list-item\">Espacioso compartimento principal con cremallera.<\/span><\/li>\n<li><span class=\"a-list-item\">Bolsillo frontal con cremallera y llavero.<\/span><\/li>\n<li><span class=\"a-list-item\">Bolsillo adicional con cremallera en la parte trasera.<\/span><\/li>\n<li><span class=\"a-list-item\">Cintur\u00f3n con liberaci\u00f3n r\u00e1pida.<\/span><\/li>\n<li><span class=\"a-list-item\">Material interior impermeable.<\/span><\/li>\n<\/ul>\n<\/div>\n","protected":false},"featured_media":2545,"template":"","meta":[],"product_cat":[32],"product_tag":[],"class_list":{"0":"post-2544","1":"product","2":"type-product","3":"status-publish","4":"has-post-thumbnail","6":"product_cat-bagpack","8":"first","9":"instock","10":"shipping-taxable","11":"product-type-simple"},"_links":{"self":[{"href":"https:\/\/zonacaterpillar.com\/ec\/wp-json\/wp\/v2\/product\/2544","targetHints":{"allow":["GET"]}}],"collection":[{"href":"https:\/\/zonacaterpillar.com\/ec\/wp-json\/wp\/v2\/product"}],"about":[{"href":"https:\/\/zonacaterpillar.com\/ec\/wp-json\/wp\/v2\/types\/product"}],"wp:featuredmedia":[{"embeddable":true,"href":"https:\/\/zonacaterpillar.com\/ec\/wp-json\/wp\/v2\/media\/2545"}],"wp:attachment":[{"href":"https:\/\/zonacaterpillar.com\/ec\/wp-json\/wp\/v2\/media?parent=2544"}],"wp:term":[{"taxonomy":"product_cat","embeddable":true,"href":"https:\/\/zonacaterpillar.com\/ec\/wp-json\/wp\/v2\/product_cat?post=2544"},{"taxonomy":"product_tag","embeddable":true,"href":"https:\/\/zonacaterpillar.com\/ec\/wp-json\/wp\/v2\/product_tag?post=2544"}],"curies":[{"name":"wp","href":"https:\/\/api.w.org\/{rel}","templated":true}]}}