{"id":2540,"date":"2022-06-25T16:50:42","date_gmt":"2022-06-25T21:50:42","guid":{"rendered":"https:\/\/zonacaterpillar.com\/ec\/?post_type=product&#038;p=2540"},"modified":"2022-06-25T16:50:42","modified_gmt":"2022-06-25T21:50:42","slug":"luz-de-trabajo-linterna-caterpillar","status":"publish","type":"product","link":"https:\/\/zonacaterpillar.com\/ec\/producto\/luz-de-trabajo-linterna-caterpillar\/","title":{"rendered":"Luz de Trabajo Linterna Caterpillar"},"content":{"rendered":"","protected":false},"excerpt":{"rendered":"<p>Dise\u00f1o bicileta \u2013 Incluye 275-lumen parte superior haz linterna y 200 l\u00famenes, panel frontal inundaci\u00f3n para extremadamente brillantes y de salida de luz vers\u00e1til<br \/>\nDurable aluminio construction-grade \u2013 Dise\u00f1ado para ser ligero y fuerte, tanto la vivienda y el interruptor se y resistente a los golpes para condiciones dif\u00edciles<br \/>\nDise\u00f1ado para el uso diario \u2013 Construido con una fuerte base magn\u00e9tica y incluye un clip de bolsillo para uso de manos libres<br \/>\nPilas incluidas \u2013 Funciona para hasta 3 horas con 3 pilas AAA est\u00e1ndar<br \/>\nwarranty-backed \u2013 Viene con una garant\u00eda de 1 a\u00f1o limitado garant\u00eda del fabricante para funcionamiento sin dudas<\/p>\n","protected":false},"featured_media":2543,"template":"","meta":[],"product_cat":[31],"product_tag":[],"class_list":{"0":"post-2540","1":"product","2":"type-product","3":"status-publish","4":"has-post-thumbnail","6":"product_cat-linternas","8":"first","9":"instock","10":"shipping-taxable","11":"product-type-simple"},"_links":{"self":[{"href":"https:\/\/zonacaterpillar.com\/ec\/wp-json\/wp\/v2\/product\/2540","targetHints":{"allow":["GET"]}}],"collection":[{"href":"https:\/\/zonacaterpillar.com\/ec\/wp-json\/wp\/v2\/product"}],"about":[{"href":"https:\/\/zonacaterpillar.com\/ec\/wp-json\/wp\/v2\/types\/product"}],"wp:featuredmedia":[{"embeddable":true,"href":"https:\/\/zonacaterpillar.com\/ec\/wp-json\/wp\/v2\/media\/2543"}],"wp:attachment":[{"href":"https:\/\/zonacaterpillar.com\/ec\/wp-json\/wp\/v2\/media?parent=2540"}],"wp:term":[{"taxonomy":"product_cat","embeddable":true,"href":"https:\/\/zonacaterpillar.com\/ec\/wp-json\/wp\/v2\/product_cat?post=2540"},{"taxonomy":"product_tag","embeddable":true,"href":"https:\/\/zonacaterpillar.com\/ec\/wp-json\/wp\/v2\/product_tag?post=2540"}],"curies":[{"name":"wp","href":"https:\/\/api.w.org\/{rel}","templated":true}]}}