{"id":2534,"date":"2022-06-25T16:47:12","date_gmt":"2022-06-25T21:47:12","guid":{"rendered":"https:\/\/zonacaterpillar.com\/ec\/?post_type=product&#038;p=2534"},"modified":"2022-06-25T16:47:12","modified_gmt":"2022-06-25T21:47:12","slug":"linternas-de-trabajo-caterpillar-2-pack","status":"publish","type":"product","link":"https:\/\/zonacaterpillar.com\/ec\/producto\/linternas-de-trabajo-caterpillar-2-pack\/","title":{"rendered":"Linternas de Trabajo Caterpillar 2 Pack"},"content":{"rendered":"","protected":false},"excerpt":{"rendered":"<div id=\"tab-description\" class=\"woocommerce-Tabs-panel woocommerce-Tabs-panel--description panel entry-content wc-tab\" role=\"tabpanel\" aria-labelledby=\"tab-title-description\">\n<ul class=\"a-unordered-list a-vertical a-spacing-mini\">\n<li><span class=\"a-list-item\">Luces de trabajo resistentes: este paquete de 2 luces de trabajo resistentes al agua y a las ca\u00eddas son resistentes y duraderas, cada una con 2 ajustes de brillo (500 l\u00famenes de alto y 250 bajo), un soporte de trinquete de 180 grados y una parte trasera magn\u00e9tica.<\/span><\/li>\n<li><span class=\"a-list-item\">Largo tiempo de funcionamiento: estas luces de trabajo durar\u00e1n m\u00e1s que cualquier trabajo y pueden funcionar hasta 8 horas a baja temperatura, alimentadas por pilas AA (incluidas). Son ideales para interiores o exteriores, camping, proyectos de coche y mucho m\u00e1s.<\/span><\/li>\n<li><span class=\"a-list-item\">Expertos en iluminaci\u00f3n de trabajo: nos especializamos en hacer iluminaci\u00f3n de trabajo resistente y duradera, incluyendo luces LED COB de trabajo extremo, faros LED y luces de cuello, luces bajo el cap\u00f3, luces de enfoque y mucho m\u00e1s.<\/span><\/li>\n<li><span class=\"a-list-item\">Innovaci\u00f3n en su m\u00e1xima expresi\u00f3n: Cat Lights son productos de iluminaci\u00f3n de alta calidad con tecnolog\u00eda de vanguardia que cumple con los m\u00e1s altos est\u00e1ndares profesionales. Todas nuestras luces utilizan la \u00faltima tecnolog\u00eda LED y materiales de grado industrial.<\/span><\/li>\n<li><span class=\"a-list-item\">La diferencia de luz de gato: l\u00edder con la innovaci\u00f3n, nuestro enfoque es dise\u00f1ar, fabricar y ofrecer las luces LED de grado profesional m\u00e1s funcionales y duraderas, para exteriores, emergencias, profesionales y aficionados al bricolaje.<\/span><\/li>\n<li><span class=\"a-list-item\">Componentes incluidos: 2 luces de trabajo y 8 pilas AA.<\/span><\/li>\n<\/ul>\n<\/div>\n","protected":false},"featured_media":2539,"template":"","meta":[],"product_cat":[31],"product_tag":[],"class_list":{"0":"post-2534","1":"product","2":"type-product","3":"status-publish","4":"has-post-thumbnail","6":"product_cat-linternas","8":"first","9":"instock","10":"shipping-taxable","11":"product-type-simple"},"_links":{"self":[{"href":"https:\/\/zonacaterpillar.com\/ec\/wp-json\/wp\/v2\/product\/2534","targetHints":{"allow":["GET"]}}],"collection":[{"href":"https:\/\/zonacaterpillar.com\/ec\/wp-json\/wp\/v2\/product"}],"about":[{"href":"https:\/\/zonacaterpillar.com\/ec\/wp-json\/wp\/v2\/types\/product"}],"wp:featuredmedia":[{"embeddable":true,"href":"https:\/\/zonacaterpillar.com\/ec\/wp-json\/wp\/v2\/media\/2539"}],"wp:attachment":[{"href":"https:\/\/zonacaterpillar.com\/ec\/wp-json\/wp\/v2\/media?parent=2534"}],"wp:term":[{"taxonomy":"product_cat","embeddable":true,"href":"https:\/\/zonacaterpillar.com\/ec\/wp-json\/wp\/v2\/product_cat?post=2534"},{"taxonomy":"product_tag","embeddable":true,"href":"https:\/\/zonacaterpillar.com\/ec\/wp-json\/wp\/v2\/product_tag?post=2534"}],"curies":[{"name":"wp","href":"https:\/\/api.w.org\/{rel}","templated":true}]}}