{"id":2532,"date":"2022-06-25T16:42:03","date_gmt":"2022-06-25T21:42:03","guid":{"rendered":"https:\/\/zonacaterpillar.com\/ec\/?post_type=product&#038;p=2532"},"modified":"2022-06-25T16:42:03","modified_gmt":"2022-06-25T21:42:03","slug":"linterna-led-recargable-420-lumenes-caterpillar","status":"publish","type":"product","link":"https:\/\/zonacaterpillar.com\/ec\/producto\/linterna-led-recargable-420-lumenes-caterpillar\/","title":{"rendered":"Linterna Led Recargable 420 L\u00famenes Caterpillar"},"content":{"rendered":"","protected":false},"excerpt":{"rendered":"<div id=\"tab-description\" class=\"woocommerce-Tabs-panel woocommerce-Tabs-panel--description panel entry-content wc-tab\" role=\"tabpanel\" aria-labelledby=\"tab-title-description\">\n<p id=\"tw-target-text\" class=\"tw-data-text tw-text-large XcVN5d tw-ta\" dir=\"ltr\" data-placeholder=\"Traducci\u00f3n\"><span lang=\"es\">DISE\u00d1O DE CONSTRUCCI\u00d3N: \u2013 Todo el cuerpo de la linterna, excepto la tapa de la bater\u00eda trasera, est\u00e1 hecho de aluminio que se siente bastante sustancial para su tama\u00f1o y le da una sensaci\u00f3n premium \u2013 Las aletas de metal se extienden bastante por delante de la lente de la linterna, son gruesas y brindan protecci\u00f3n al vidrio \/ bombilla en caso de ca\u00eddas. \u2013 El haz de la linterna se puede cambiar a un haz estrecho o ancho tirando del anillo de enfoque hacia adentro o hacia afuera. Funciona y se mantiene en posici\u00f3n por fricci\u00f3n. \u2013 Extender el anillo de enfoque revela las tres luces indicadoras de bater\u00eda y el puerto de carga \u2013 La linterna funciona en 3 modos: (A) 100% de brillo (B) 50% y (C) Estrobosc\u00f3pico. Tienes que recorrerlos cada vez, incluso para apagarlos. \u2013 La linterna funciona con una bater\u00eda recargable recargable de 2200 mAH 18650 que se usa com\u00fanmente en los bol\u00edgrafos Vape. Esto significa que puede reemplazarlos cuando se agoten con bater\u00edas 18650 de mayor capacidad \/ descarga para un rendimiento a\u00fan mejor <\/span><\/p>\n<p class=\"tw-data-text tw-text-large XcVN5d tw-ta\" dir=\"ltr\" data-placeholder=\"Traducci\u00f3n\"><span lang=\"es\">UNA PALABRA R\u00c1PIDA SOBRE EL BRILLO DE LA LINTERNA: La linterna CT2405 tiene una potencia nominal de 420 l\u00famenes (una medida de la luz emitida), que se encuentra entre las m\u00e1s altas que puede esperar de una linterna de mano que funciona con una sola bater\u00eda de iones de litio de 3,7 V. El m\u00e1ximo que he visto es de unos 600 l\u00famenes para linternas LED un poco m\u00e1s grandes. \u2013 Encontrar\u00e1 muchos listados de linternas sin nombre de tama\u00f1o similar que reclaman un brillo de 800 o 1000 l\u00famenes, y he visto listados de hasta 5000 l\u00famenes, lo que me hace querer poner los ojos en blanco. \u2013 El faro hal\u00f3geno de un autom\u00f3vil emite alrededor de 1000 ~ 1200 l\u00famenes de luz en las luces altas y funciona con una bater\u00eda de 12 V en comparaci\u00f3n con una bater\u00eda de linterna de 3,7 V. As\u00ed que, por favor, est\u00e9 cansado de tales afirmaciones infladas. <\/span><\/p>\n<p class=\"tw-data-text tw-text-large XcVN5d tw-ta\" dir=\"ltr\" data-placeholder=\"Traducci\u00f3n\"><span lang=\"es\">LO BUENO: \u2013 Extremadamente brillante \u2013 Ilumina un \u00e1rea \/ distancia considerable de manera brillante considerando su peque\u00f1o tama\u00f1o \u2013 Construcci\u00f3n de aluminio premium que parece que puede soportar mucho abuso \u2013 La bater\u00eda recargable de repuesto 18650 est\u00e1 f\u00e1cilmente disponible ya que se usa com\u00fanmente en los bol\u00edgrafos Vape Aproximadamente 10 horas de duraci\u00f3n de la bater\u00eda al 50% de brillo y de 2,5 a 3 horas al 100% de brillo<\/span><\/p>\n<\/div>\n","protected":false},"featured_media":2533,"template":"","meta":[],"product_cat":[31],"product_tag":[],"class_list":{"0":"post-2532","1":"product","2":"type-product","3":"status-publish","4":"has-post-thumbnail","6":"product_cat-linternas","8":"first","9":"instock","10":"shipping-taxable","11":"product-type-simple"},"_links":{"self":[{"href":"https:\/\/zonacaterpillar.com\/ec\/wp-json\/wp\/v2\/product\/2532","targetHints":{"allow":["GET"]}}],"collection":[{"href":"https:\/\/zonacaterpillar.com\/ec\/wp-json\/wp\/v2\/product"}],"about":[{"href":"https:\/\/zonacaterpillar.com\/ec\/wp-json\/wp\/v2\/types\/product"}],"wp:featuredmedia":[{"embeddable":true,"href":"https:\/\/zonacaterpillar.com\/ec\/wp-json\/wp\/v2\/media\/2533"}],"wp:attachment":[{"href":"https:\/\/zonacaterpillar.com\/ec\/wp-json\/wp\/v2\/media?parent=2532"}],"wp:term":[{"taxonomy":"product_cat","embeddable":true,"href":"https:\/\/zonacaterpillar.com\/ec\/wp-json\/wp\/v2\/product_cat?post=2532"},{"taxonomy":"product_tag","embeddable":true,"href":"https:\/\/zonacaterpillar.com\/ec\/wp-json\/wp\/v2\/product_tag?post=2532"}],"curies":[{"name":"wp","href":"https:\/\/api.w.org\/{rel}","templated":true}]}}