{"id":2528,"date":"2022-06-25T16:39:26","date_gmt":"2022-06-25T21:39:26","guid":{"rendered":"https:\/\/zonacaterpillar.com\/ec\/?post_type=product&#038;p=2528"},"modified":"2022-06-25T16:39:38","modified_gmt":"2022-06-25T21:39:38","slug":"linterna-led-de-alta-potencia-caterpillar-200-lumenes","status":"publish","type":"product","link":"https:\/\/zonacaterpillar.com\/ec\/producto\/linterna-led-de-alta-potencia-caterpillar-200-lumenes\/","title":{"rendered":"Linterna Led de Alta Potencia Caterpillar 200 L\u00famenes"},"content":{"rendered":"","protected":false},"excerpt":{"rendered":"<div id=\"tab-description\" class=\"woocommerce-Tabs-panel woocommerce-Tabs-panel--description panel entry-content wc-tab\" role=\"tabpanel\" aria-labelledby=\"tab-title-description\">\n<ul class=\"a-unordered-list a-vertical a-spacing-mini\">\n<li><span class=\"a-list-item\">200 l\u00famenes de haz de alta potencia con hasta 150 metros de distancia.<\/span><\/li>\n<li><span class=\"a-list-item\">Cuerpo resistente de material ABS.<\/span><\/li>\n<li><span class=\"a-list-item\">Resistente al agua y al impacto; hasta 3 horas de funcionamiento.<\/span><\/li>\n<li><span class=\"a-list-item\">Interruptor de alimentaci\u00f3n de 3 posiciones resistente a la intemperie (alto, bajo, estrobosc\u00f3pico).<\/span><\/li>\n<li><span class=\"a-list-item\">Tipo de Bater\u00eda: AAA; Bater\u00edas incluidas: s\u00ed; cant. de bater\u00edas: 3.<\/span><\/li>\n<\/ul>\n<\/div>\n","protected":false},"featured_media":2531,"template":"","meta":[],"product_cat":[31],"product_tag":[],"class_list":{"0":"post-2528","1":"product","2":"type-product","3":"status-publish","4":"has-post-thumbnail","6":"product_cat-linternas","8":"first","9":"instock","10":"shipping-taxable","11":"product-type-simple"},"_links":{"self":[{"href":"https:\/\/zonacaterpillar.com\/ec\/wp-json\/wp\/v2\/product\/2528","targetHints":{"allow":["GET"]}}],"collection":[{"href":"https:\/\/zonacaterpillar.com\/ec\/wp-json\/wp\/v2\/product"}],"about":[{"href":"https:\/\/zonacaterpillar.com\/ec\/wp-json\/wp\/v2\/types\/product"}],"wp:featuredmedia":[{"embeddable":true,"href":"https:\/\/zonacaterpillar.com\/ec\/wp-json\/wp\/v2\/media\/2531"}],"wp:attachment":[{"href":"https:\/\/zonacaterpillar.com\/ec\/wp-json\/wp\/v2\/media?parent=2528"}],"wp:term":[{"taxonomy":"product_cat","embeddable":true,"href":"https:\/\/zonacaterpillar.com\/ec\/wp-json\/wp\/v2\/product_cat?post=2528"},{"taxonomy":"product_tag","embeddable":true,"href":"https:\/\/zonacaterpillar.com\/ec\/wp-json\/wp\/v2\/product_tag?post=2528"}],"curies":[{"name":"wp","href":"https:\/\/api.w.org\/{rel}","templated":true}]}}