{"id":2524,"date":"2022-06-25T16:35:18","date_gmt":"2022-06-25T21:35:18","guid":{"rendered":"https:\/\/zonacaterpillar.com\/ec\/?post_type=product&#038;p=2524"},"modified":"2022-06-25T16:35:41","modified_gmt":"2022-06-25T21:35:41","slug":"linterna-frontal-led-de-220-lumenes-con-angulo-ajustable","status":"publish","type":"product","link":"https:\/\/zonacaterpillar.com\/ec\/producto\/linterna-frontal-led-de-220-lumenes-con-angulo-ajustable\/","title":{"rendered":"Linterna frontal LED de 220 l\u00famenes con \u00e1ngulo ajustable"},"content":{"rendered":"","protected":false},"excerpt":{"rendered":"<p>El faro de enfoque CT4200 le permite mantener una visi\u00f3n fuerte en su proyecto, mientras mantiene sus manos libres para realizar el trabajo real. Con CREE\u00ae LED, esta luz potente y resistente tiene un interruptor de tres posiciones y un cabezal de \u00e1ngulo ajustable que puede enfocar donde sea necesario. Hecho de aluminio de calidad aeron\u00e1utica, tambi\u00e9n puede resistir las condiciones de trabajo m\u00e1s duras. Incluye una garant\u00eda limitada de por vida.<\/p>\n","protected":false},"featured_media":2527,"template":"","meta":[],"product_cat":[31],"product_tag":[],"class_list":{"0":"post-2524","1":"product","2":"type-product","3":"status-publish","4":"has-post-thumbnail","6":"product_cat-linternas","8":"first","9":"instock","10":"shipping-taxable","11":"product-type-simple"},"_links":{"self":[{"href":"https:\/\/zonacaterpillar.com\/ec\/wp-json\/wp\/v2\/product\/2524","targetHints":{"allow":["GET"]}}],"collection":[{"href":"https:\/\/zonacaterpillar.com\/ec\/wp-json\/wp\/v2\/product"}],"about":[{"href":"https:\/\/zonacaterpillar.com\/ec\/wp-json\/wp\/v2\/types\/product"}],"wp:featuredmedia":[{"embeddable":true,"href":"https:\/\/zonacaterpillar.com\/ec\/wp-json\/wp\/v2\/media\/2527"}],"wp:attachment":[{"href":"https:\/\/zonacaterpillar.com\/ec\/wp-json\/wp\/v2\/media?parent=2524"}],"wp:term":[{"taxonomy":"product_cat","embeddable":true,"href":"https:\/\/zonacaterpillar.com\/ec\/wp-json\/wp\/v2\/product_cat?post=2524"},{"taxonomy":"product_tag","embeddable":true,"href":"https:\/\/zonacaterpillar.com\/ec\/wp-json\/wp\/v2\/product_tag?post=2524"}],"curies":[{"name":"wp","href":"https:\/\/api.w.org\/{rel}","templated":true}]}}