{"id":2519,"date":"2022-06-25T16:31:17","date_gmt":"2022-06-25T21:31:17","guid":{"rendered":"https:\/\/zonacaterpillar.com\/ec\/?post_type=product&#038;p=2519"},"modified":"2022-06-25T16:31:17","modified_gmt":"2022-06-25T21:31:17","slug":"linterna-doble-led-de-cuello","status":"publish","type":"product","link":"https:\/\/zonacaterpillar.com\/ec\/producto\/linterna-doble-led-de-cuello\/","title":{"rendered":"Linterna Doble Led de Cuello"},"content":{"rendered":"<p>CARACTER\u00cdSTICAS<\/p>\n<p>Opere cada cabezal de luz de forma independiente<br \/>\nLos cabezales de luz giran hacia arriba y hacia abajo 90 \u00b0<br \/>\n\u00daselo alrededor del cuello para uso con manos libres<br \/>\nInterruptor de encendido alto \/ bajo \/ apagado<br \/>\nEl dise\u00f1o elegante es m\u00e1s c\u00f3modo que los faros convencionales<br \/>\n2 pilas AA incluidas<\/p>\n<p>ESPECIFICACIONES<\/p>\n<p>LED de alta potencia<br \/>\n200 l\u00famenes en alta \/ 100 l\u00famenes en baja<br \/>\nTiempo de ejecuci\u00f3n: hasta 2,5 horas en alta \/ hasta 5 horas en baja<br \/>\nResistente al agua y al impacto<br \/>\nDistancia del haz: 30 metros<br \/>\n\u00cdndice de impacto: 1,8 metros<br \/>\nMaterial: pl\u00e1stico ABS y nailon<br \/>\n8,7 \u00abde alto x 5,3\u00bb de ancho x 0,91 \u00abde profundidad<br \/>\n0.50 libras<\/p>\n","protected":false},"excerpt":{"rendered":"<p>El dise\u00f1o innovador y deportivo del CT7100 le deja las manos libres para trabajar en cualquier lugar sin irritaci\u00f3n ni estr\u00e9s en la frente. Hecho de una mezcla duradera y confiable de ABS y nailon, se apoya c\u00f3modamente en su cuello sin dejar marcas de sudor y se limpia f\u00e1cilmente. Ya sea que prefiera la configuraci\u00f3n m\u00e1s baja (100 l\u00famenes) o la m\u00e1s alta (200 l\u00famenes), esta luz se ajusta a sus necesidades de energ\u00eda. Gire los cabezales de luz hasta 90 \u00b0 para crear un haz m\u00e1s amplio. La clasificaci\u00f3n IPX4 de la l\u00e1mpara para el cuello significa que puede estar seguro de que la luz permanece encendida incluso cuando est\u00e1 bajo la lluvia.<\/p>\n<p>Imprescindible para trabajar en el garaje o en un proyecto en la casa. T\u00e9ngalo listo para pasear al perro o para cuando se vaya la luz. Empaqu\u00e9telo con lo esencial para acampar. Nunca se quedar\u00e1 sin aplicaciones para las que esta l\u00e1mpara es perfecta.<\/p>\n","protected":false},"featured_media":2523,"template":"","meta":[],"product_cat":[31],"product_tag":[],"class_list":{"0":"post-2519","1":"product","2":"type-product","3":"status-publish","4":"has-post-thumbnail","6":"product_cat-linternas","8":"first","9":"instock","10":"shipping-taxable","11":"product-type-simple"},"_links":{"self":[{"href":"https:\/\/zonacaterpillar.com\/ec\/wp-json\/wp\/v2\/product\/2519","targetHints":{"allow":["GET"]}}],"collection":[{"href":"https:\/\/zonacaterpillar.com\/ec\/wp-json\/wp\/v2\/product"}],"about":[{"href":"https:\/\/zonacaterpillar.com\/ec\/wp-json\/wp\/v2\/types\/product"}],"wp:featuredmedia":[{"embeddable":true,"href":"https:\/\/zonacaterpillar.com\/ec\/wp-json\/wp\/v2\/media\/2523"}],"wp:attachment":[{"href":"https:\/\/zonacaterpillar.com\/ec\/wp-json\/wp\/v2\/media?parent=2519"}],"wp:term":[{"taxonomy":"product_cat","embeddable":true,"href":"https:\/\/zonacaterpillar.com\/ec\/wp-json\/wp\/v2\/product_cat?post=2519"},{"taxonomy":"product_tag","embeddable":true,"href":"https:\/\/zonacaterpillar.com\/ec\/wp-json\/wp\/v2\/product_tag?post=2519"}],"curies":[{"name":"wp","href":"https:\/\/api.w.org\/{rel}","templated":true}]}}