{"id":2513,"date":"2022-06-25T16:19:39","date_gmt":"2022-06-25T21:19:39","guid":{"rendered":"https:\/\/zonacaterpillar.com\/ec\/?post_type=product&#038;p=2513"},"modified":"2022-06-25T16:19:40","modified_gmt":"2022-06-25T21:19:40","slug":"linterna-de-trabajo-recargable-caterpillar-200-lumenes","status":"publish","type":"product","link":"https:\/\/zonacaterpillar.com\/ec\/producto\/linterna-de-trabajo-recargable-caterpillar-200-lumenes\/","title":{"rendered":"Linterna de Trabajo Recargable Caterpillar 200 L\u00famenes"},"content":{"rendered":"","protected":false},"excerpt":{"rendered":"<p>Una evoluci\u00f3n en iluminaci\u00f3n, la luz de bolsillo recargable CT5115 emite un c\u00edrculo de luz brillante desde una robusta carcasa de aluminio. Lo suficientemente peque\u00f1a y elegante como para pasar desapercibida en un bolsillo todo el d\u00eda, esta luz tambi\u00e9n cuenta con un clip de resorte vers\u00e1til y una base magn\u00e9tica fuerte para la conveniencia de manos libres. Con 200 l\u00famenes en alta y 100 l\u00famenes en baja, el CT5115 funcionar\u00e1 hasta 6 horas con una carga, proporcionando luz brillante donde la necesite, cuando la necesite. Incluye cable de carga micro USB<\/p>\n","protected":false},"featured_media":2518,"template":"","meta":[],"product_cat":[31],"product_tag":[],"class_list":{"0":"post-2513","1":"product","2":"type-product","3":"status-publish","4":"has-post-thumbnail","6":"product_cat-linternas","8":"first","9":"instock","10":"shipping-taxable","11":"product-type-simple"},"_links":{"self":[{"href":"https:\/\/zonacaterpillar.com\/ec\/wp-json\/wp\/v2\/product\/2513","targetHints":{"allow":["GET"]}}],"collection":[{"href":"https:\/\/zonacaterpillar.com\/ec\/wp-json\/wp\/v2\/product"}],"about":[{"href":"https:\/\/zonacaterpillar.com\/ec\/wp-json\/wp\/v2\/types\/product"}],"wp:featuredmedia":[{"embeddable":true,"href":"https:\/\/zonacaterpillar.com\/ec\/wp-json\/wp\/v2\/media\/2518"}],"wp:attachment":[{"href":"https:\/\/zonacaterpillar.com\/ec\/wp-json\/wp\/v2\/media?parent=2513"}],"wp:term":[{"taxonomy":"product_cat","embeddable":true,"href":"https:\/\/zonacaterpillar.com\/ec\/wp-json\/wp\/v2\/product_cat?post=2513"},{"taxonomy":"product_tag","embeddable":true,"href":"https:\/\/zonacaterpillar.com\/ec\/wp-json\/wp\/v2\/product_tag?post=2513"}],"curies":[{"name":"wp","href":"https:\/\/api.w.org\/{rel}","templated":true}]}}