{"id":2507,"date":"2022-06-25T16:13:32","date_gmt":"2022-06-25T21:13:32","guid":{"rendered":"https:\/\/zonacaterpillar.com\/ec\/?post_type=product&#038;p=2507"},"modified":"2022-06-25T16:13:53","modified_gmt":"2022-06-25T21:13:53","slug":"linterna-de-camping-luz-de-trabajo-caterpillar","status":"publish","type":"product","link":"https:\/\/zonacaterpillar.com\/ec\/producto\/linterna-de-camping-luz-de-trabajo-caterpillar\/","title":{"rendered":"Linterna de Camping Luz de Trabajo Caterpillar"},"content":{"rendered":"","protected":false},"excerpt":{"rendered":"<p>Salida de linterna de 225 l\u00famenes con una salida de luz superior de 115 l\u00famenes; distancia de haz de 656.2 ft en alta, distancia de haz de 492.1 ft en bajo.<br \/>\nBase magn\u00e9tica resistente con gancho plegable empotrado; resistente al agua y a los impactos hasta 3.3 ft.<br \/>\n2 bater\u00edas de iones de litio recargables incluidas que se cargan a trav\u00e9s del cable USB integrado y un puerto de carga de salida mantiene tus dispositivos electr\u00f3nicos compatibles cargados.<br \/>\nHecho de un resistente cuerpo ABS; interruptor de 3 posiciones: alto, bajo estrobosc\u00f3pico.<br \/>\nTiempo de funcionamiento de 6 horas en alta y 12 horas en baja<\/p>\n","protected":false},"featured_media":2508,"template":"","meta":[],"product_cat":[31],"product_tag":[],"class_list":{"0":"post-2507","1":"product","2":"type-product","3":"status-publish","4":"has-post-thumbnail","6":"product_cat-linternas","8":"first","9":"instock","10":"shipping-taxable","11":"product-type-simple"},"_links":{"self":[{"href":"https:\/\/zonacaterpillar.com\/ec\/wp-json\/wp\/v2\/product\/2507","targetHints":{"allow":["GET"]}}],"collection":[{"href":"https:\/\/zonacaterpillar.com\/ec\/wp-json\/wp\/v2\/product"}],"about":[{"href":"https:\/\/zonacaterpillar.com\/ec\/wp-json\/wp\/v2\/types\/product"}],"wp:featuredmedia":[{"embeddable":true,"href":"https:\/\/zonacaterpillar.com\/ec\/wp-json\/wp\/v2\/media\/2508"}],"wp:attachment":[{"href":"https:\/\/zonacaterpillar.com\/ec\/wp-json\/wp\/v2\/media?parent=2507"}],"wp:term":[{"taxonomy":"product_cat","embeddable":true,"href":"https:\/\/zonacaterpillar.com\/ec\/wp-json\/wp\/v2\/product_cat?post=2507"},{"taxonomy":"product_tag","embeddable":true,"href":"https:\/\/zonacaterpillar.com\/ec\/wp-json\/wp\/v2\/product_tag?post=2507"}],"curies":[{"name":"wp","href":"https:\/\/api.w.org\/{rel}","templated":true}]}}