{"id":2504,"date":"2022-06-25T16:06:41","date_gmt":"2022-06-25T21:06:41","guid":{"rendered":"https:\/\/zonacaterpillar.com\/ec\/?post_type=product&#038;p=2504"},"modified":"2022-06-25T16:06:41","modified_gmt":"2022-06-25T21:06:41","slug":"linterna-cob-de-bolsillo-caterpillar-175-lumenes","status":"publish","type":"product","link":"https:\/\/zonacaterpillar.com\/ec\/producto\/linterna-cob-de-bolsillo-caterpillar-175-lumenes\/","title":{"rendered":"Linterna Cob de Bolsillo Caterpillar 175 L\u00famenes"},"content":{"rendered":"","protected":false},"excerpt":{"rendered":"<div id=\"tab-description\" class=\"woocommerce-Tabs-panel woocommerce-Tabs-panel--description panel entry-content wc-tab\" role=\"tabpanel\" aria-labelledby=\"tab-title-description\">\n<ul class=\"a-unordered-list a-vertical a-spacing-mini\">\n<li><span class=\"a-list-item\">175\u00a0l\u00famenes de salida de luz con hasta 7\u00a0horas de tiempo de funcionamiento<\/span><\/li>\n<li><span class=\"a-list-item\">Base magn\u00e9tica con clip de bolsillo trasero<\/span><\/li>\n<li><span class=\"a-list-item\">Agua &amp; resistente al impacto; hasta 7\u00a0horas Tiempo de funcionamiento<\/span><\/li>\n<li><span class=\"a-list-item\">Nueva tecnolog\u00eda COB (chip on Board)<\/span><\/li>\n<li><span class=\"a-list-item\">Tipo de bater\u00eda: AAA; bater\u00edas incluidas: S\u00ed; # de pilas: 3<\/span><\/li>\n<\/ul>\n<\/div>\n","protected":false},"featured_media":2499,"template":"","meta":[],"product_cat":[31],"product_tag":[],"class_list":{"0":"post-2504","1":"product","2":"type-product","3":"status-publish","4":"has-post-thumbnail","6":"product_cat-linternas","8":"first","9":"instock","10":"shipping-taxable","11":"product-type-simple"},"_links":{"self":[{"href":"https:\/\/zonacaterpillar.com\/ec\/wp-json\/wp\/v2\/product\/2504","targetHints":{"allow":["GET"]}}],"collection":[{"href":"https:\/\/zonacaterpillar.com\/ec\/wp-json\/wp\/v2\/product"}],"about":[{"href":"https:\/\/zonacaterpillar.com\/ec\/wp-json\/wp\/v2\/types\/product"}],"wp:featuredmedia":[{"embeddable":true,"href":"https:\/\/zonacaterpillar.com\/ec\/wp-json\/wp\/v2\/media\/2499"}],"wp:attachment":[{"href":"https:\/\/zonacaterpillar.com\/ec\/wp-json\/wp\/v2\/media?parent=2504"}],"wp:term":[{"taxonomy":"product_cat","embeddable":true,"href":"https:\/\/zonacaterpillar.com\/ec\/wp-json\/wp\/v2\/product_cat?post=2504"},{"taxonomy":"product_tag","embeddable":true,"href":"https:\/\/zonacaterpillar.com\/ec\/wp-json\/wp\/v2\/product_tag?post=2504"}],"curies":[{"name":"wp","href":"https:\/\/api.w.org\/{rel}","templated":true}]}}