{"id":2500,"date":"2022-06-25T16:04:15","date_gmt":"2022-06-25T21:04:15","guid":{"rendered":"https:\/\/zonacaterpillar.com\/ec\/?post_type=product&#038;p=2500"},"modified":"2022-06-25T16:04:15","modified_gmt":"2022-06-25T21:04:15","slug":"linterna-de-bolsillo-con-clip-magnetico-caterpillar","status":"publish","type":"product","link":"https:\/\/zonacaterpillar.com\/ec\/producto\/linterna-de-bolsillo-con-clip-magnetico-caterpillar\/","title":{"rendered":"Linterna de Bolsillo con Clip Magn\u00e9tico Caterpillar"},"content":{"rendered":"","protected":false},"excerpt":{"rendered":"<div id=\"tab-description\" class=\"woocommerce-Tabs-panel woocommerce-Tabs-panel--description panel entry-content wc-tab\" role=\"tabpanel\" aria-labelledby=\"tab-title-description\">\n<ul class=\"a-unordered-list a-vertical a-spacing-mini\">\n<li><span class=\"a-list-item\">Haz de inundaci\u00f3n de 100 l\u00famenes<\/span><\/li>\n<li><span class=\"a-list-item\">Cuerpo de ABS resistente con clip magn\u00e9tico.<\/span><\/li>\n<li><span class=\"a-list-item\">Resistente al agua y a los impactos; hasta 6 horas de tiempo de funcionamiento.<\/span><\/li>\n<li><span class=\"a-list-item\">Cuenta con 12 LED SMD y clip de bolsillo magn\u00e9tico.<\/span><\/li>\n<li><span class=\"a-list-item\">Tipo de bater\u00eda: AAA. Pilas incluidas: s\u00ed. N\u00famero de pilas: 3.<\/span><\/li>\n<\/ul>\n<\/div>\n","protected":false},"featured_media":2503,"template":"","meta":[],"product_cat":[31],"product_tag":[],"class_list":{"0":"post-2500","1":"product","2":"type-product","3":"status-publish","4":"has-post-thumbnail","6":"product_cat-linternas","8":"first","9":"instock","10":"shipping-taxable","11":"product-type-simple"},"_links":{"self":[{"href":"https:\/\/zonacaterpillar.com\/ec\/wp-json\/wp\/v2\/product\/2500","targetHints":{"allow":["GET"]}}],"collection":[{"href":"https:\/\/zonacaterpillar.com\/ec\/wp-json\/wp\/v2\/product"}],"about":[{"href":"https:\/\/zonacaterpillar.com\/ec\/wp-json\/wp\/v2\/types\/product"}],"wp:featuredmedia":[{"embeddable":true,"href":"https:\/\/zonacaterpillar.com\/ec\/wp-json\/wp\/v2\/media\/2503"}],"wp:attachment":[{"href":"https:\/\/zonacaterpillar.com\/ec\/wp-json\/wp\/v2\/media?parent=2500"}],"wp:term":[{"taxonomy":"product_cat","embeddable":true,"href":"https:\/\/zonacaterpillar.com\/ec\/wp-json\/wp\/v2\/product_cat?post=2500"},{"taxonomy":"product_tag","embeddable":true,"href":"https:\/\/zonacaterpillar.com\/ec\/wp-json\/wp\/v2\/product_tag?post=2500"}],"curies":[{"name":"wp","href":"https:\/\/api.w.org\/{rel}","templated":true}]}}