{"id":2480,"date":"2022-06-25T15:35:30","date_gmt":"2022-06-25T20:35:30","guid":{"rendered":"https:\/\/zonacaterpillar.com\/ec\/?post_type=product&#038;p=2480"},"modified":"2022-06-25T15:36:07","modified_gmt":"2022-06-25T20:36:07","slug":"modelo-a-escala-150-norscot-caterpillar-613g-wheel-tractor-rascador","status":"publish","type":"product","link":"https:\/\/zonacaterpillar.com\/ec\/producto\/modelo-a-escala-150-norscot-caterpillar-613g-wheel-tractor-rascador\/","title":{"rendered":"Modelo a Escala 1:50 Norscot Caterpillar 613G Wheel Tractor Rascador"},"content":{"rendered":"","protected":false},"excerpt":{"rendered":"<div id=\"tab-description\" class=\"woocommerce-Tabs-panel woocommerce-Tabs-panel--description panel entry-content wc-tab\" role=\"tabpanel\" aria-labelledby=\"tab-title-description\">\n<ul class=\"a-unordered-list a-vertical a-spacing-mini\">\n<li><span class=\"a-list-item\">Enganche articulado<\/span><\/li>\n<li><span class=\"a-list-item\">Elevador movible<\/span><\/li>\n<li><span class=\"a-list-item\">Aut\u00e9ntico dise\u00f1o de banda de rodadura de neum\u00e1ticos<\/span><\/li>\n<li><span class=\"a-list-item\">Sistema de control de grado AccuGrate<\/span><\/li>\n<\/ul>\n<\/div>\n","protected":false},"featured_media":2481,"template":"","meta":[],"product_cat":[30],"product_tag":[],"class_list":{"0":"post-2480","1":"product","2":"type-product","3":"status-publish","4":"has-post-thumbnail","6":"product_cat-colection","8":"first","9":"instock","10":"shipping-taxable","11":"product-type-simple"},"_links":{"self":[{"href":"https:\/\/zonacaterpillar.com\/ec\/wp-json\/wp\/v2\/product\/2480","targetHints":{"allow":["GET"]}}],"collection":[{"href":"https:\/\/zonacaterpillar.com\/ec\/wp-json\/wp\/v2\/product"}],"about":[{"href":"https:\/\/zonacaterpillar.com\/ec\/wp-json\/wp\/v2\/types\/product"}],"wp:featuredmedia":[{"embeddable":true,"href":"https:\/\/zonacaterpillar.com\/ec\/wp-json\/wp\/v2\/media\/2481"}],"wp:attachment":[{"href":"https:\/\/zonacaterpillar.com\/ec\/wp-json\/wp\/v2\/media?parent=2480"}],"wp:term":[{"taxonomy":"product_cat","embeddable":true,"href":"https:\/\/zonacaterpillar.com\/ec\/wp-json\/wp\/v2\/product_cat?post=2480"},{"taxonomy":"product_tag","embeddable":true,"href":"https:\/\/zonacaterpillar.com\/ec\/wp-json\/wp\/v2\/product_tag?post=2480"}],"curies":[{"name":"wp","href":"https:\/\/api.w.org\/{rel}","templated":true}]}}