{"id":2400,"date":"2022-06-25T14:21:55","date_gmt":"2022-06-25T19:21:55","guid":{"rendered":"https:\/\/zonacaterpillar.com\/ec\/?post_type=product&#038;p=2400"},"modified":"2022-06-25T14:49:09","modified_gmt":"2022-06-25T19:49:09","slug":"celular-inteligente-caterpillar-cat-s42","status":"publish","type":"product","link":"https:\/\/zonacaterpillar.com\/ec\/producto\/celular-inteligente-caterpillar-cat-s42\/","title":{"rendered":"Celular Inteligente Caterpillar Cat S42"},"content":{"rendered":"","protected":false},"excerpt":{"rendered":"<div id=\"tab-description\" class=\"woocommerce-Tabs-panel woocommerce-Tabs-panel--description panel entry-content wc-tab\" role=\"tabpanel\" aria-labelledby=\"tab-title-description\">\n<h3 class=\"medium text-left\">Caracter\u00edsticas del tel\u00e9fono esencial para el trabajo<\/h3>\n<div id=\"\" class=\"\">\n<ul class=\"ul1\">\n<li class=\"li1\">Bater\u00eda de larga duraci\u00f3n (4,200 mAh, 2 dias)<\/li>\n<li>\n<div class=\"wpb_column vc_column_container cell medium-12\">\n<div class=\" \">\n<div id=\"\" class=\"\">\n<p>12.7mm y 220g<\/p>\n<\/div>\n<\/div>\n<\/div>\n<\/li>\n<li class=\"li1\">NFC, Bluetooth\u00ae 5.0, wifi (2.4 GHz + 5 GHz)<\/li>\n<li>\n<div id=\"\" class=\"\">\n<p>A prueba de ca\u00eddas, polvo y golpes<\/p>\n<\/div>\n<\/li>\n<li class=\"li1\">M\u00e1s memoria (3gb RAM + 32gb ROM)<\/li>\n<li>\n<div id=\"\" class=\"\">\n<p>Resistente a los ara\u00f1azos y ultrabrillante<\/p>\n<\/div>\n<\/li>\n<li class=\"li1\">Pantalla ultrabrillante (5.5\u201d, 18.9 HD+)<\/li>\n<li>Puedes llevar el Cat S42 contigo a todas partes. Est\u00e1 construido para ayudarte tanto en situaciones dif\u00edciles de trabajo al aire libre, como en actividades de ocio extremas.<\/li>\n<li class=\"li1\">Tecnolog\u00eda de uso con dedos mojados\/guantes<\/li>\n<li>\n<div id=\"\" class=\"\">\n<p>Probado seg\u00fan los m\u00e1s exigentes est\u00e1ndares de resistencia, el Cat S42 es un tel\u00e9fono en el que puede confiar.<\/p>\n<\/div>\n<\/li>\n<li class=\"li1\">Sumergible y a prueba de ca\u00eddas<\/li>\n<\/ul>\n<\/div>\n<\/div>\n","protected":false},"featured_media":2401,"template":"","meta":[],"product_cat":[27],"product_tag":[],"class_list":{"0":"post-2400","1":"product","2":"type-product","3":"status-publish","4":"has-post-thumbnail","6":"product_cat-celular","8":"first","9":"instock","10":"shipping-taxable","11":"product-type-simple"},"_links":{"self":[{"href":"https:\/\/zonacaterpillar.com\/ec\/wp-json\/wp\/v2\/product\/2400","targetHints":{"allow":["GET"]}}],"collection":[{"href":"https:\/\/zonacaterpillar.com\/ec\/wp-json\/wp\/v2\/product"}],"about":[{"href":"https:\/\/zonacaterpillar.com\/ec\/wp-json\/wp\/v2\/types\/product"}],"wp:featuredmedia":[{"embeddable":true,"href":"https:\/\/zonacaterpillar.com\/ec\/wp-json\/wp\/v2\/media\/2401"}],"wp:attachment":[{"href":"https:\/\/zonacaterpillar.com\/ec\/wp-json\/wp\/v2\/media?parent=2400"}],"wp:term":[{"taxonomy":"product_cat","embeddable":true,"href":"https:\/\/zonacaterpillar.com\/ec\/wp-json\/wp\/v2\/product_cat?post=2400"},{"taxonomy":"product_tag","embeddable":true,"href":"https:\/\/zonacaterpillar.com\/ec\/wp-json\/wp\/v2\/product_tag?post=2400"}],"curies":[{"name":"wp","href":"https:\/\/api.w.org\/{rel}","templated":true}]}}