{"id":1145,"date":"2022-06-21T11:50:08","date_gmt":"2022-06-21T16:50:08","guid":{"rendered":"https:\/\/zonacaterpillar.com\/ec\/?post_type=product&#038;p=1145"},"modified":"2022-06-23T12:20:38","modified_gmt":"2022-06-23T17:20:38","slug":"cat-code-hex-vent-zapatos-deportivos-2","status":"publish","type":"product","link":"https:\/\/zonacaterpillar.com\/ec\/producto\/cat-code-hex-vent-zapatos-deportivos-2\/","title":{"rendered":"Cat CODE Hex Vent Zapatos Deportivos"},"content":{"rendered":"<p>Apurate m\u00e1s. Mantener la calma.<\/p>\n<p>Nuestro c\u00f3digo es crear un zapato moderno y minimalista. Presentamos Hex de nuestra Code Collection: un triunfador al igual que las personas que lo usan. Vers\u00e1til y ventilado, comodidad durante todo el d\u00eda para seguir adelante. Dise\u00f1ado para ser tan original y colorido como tu vida. Code Hex Vent de Cat Footwear. Perfecto para aquellos que crean su propio camino en la vida. Y quiero lucir bien caminando.<br \/>\nCARACTER\u00cdSTICAS CLAVE<br \/>\n\u2022 Ventilado para comodidad y transpirabilidad durante todo el d\u00eda<br \/>\n\u2022 El dise\u00f1o minimalista desdibuja la l\u00ednea entre el trabajo y el juego<br \/>\n\u2022 Suela de goma para agarre y tracci\u00f3n<\/p>\n<p>M\u00c1S INFORMACI\u00d3N<br \/>\n\u2022 Color vivo: blanco estrella, amarillo gato, negro b\u00e1sico<br \/>\n\u2022 Empeine de malla y cuero nobuk deportivo para una buena apariencia cl\u00e1sica<br \/>\n\u2022 Construcci\u00f3n Strobel para una sensaci\u00f3n de ligereza y flexibilidad en el pie<br \/>\n\u2022 Forro de malla transpirable y plantilla de espuma viscoel\u00e1stica para comodidad durante todo el d\u00eda<br \/>\n\u2022 Capa CLEANSPORT NXT\u2122 en el revestimiento con control de olores probi\u00f3tico<\/p>\n","protected":false},"excerpt":{"rendered":"<p>Apurate m\u00e1s. Mantener la calma. Nuestro c\u00f3digo es crear un zapato moderno y minimalista. Presentamos Hex de nuestra Code Collection: un triunfador al igual que las personas que lo usan. Vers\u00e1til y ventilado, comodidad durante todo el d\u00eda para seguir adelante. Dise\u00f1ado para ser tan original y colorido como tu vida. Code Hex Vent de [&hellip;]<\/p>\n","protected":false},"featured_media":1151,"template":"","meta":[],"product_cat":[25,26],"product_tag":[],"class_list":{"0":"post-1145","1":"product","2":"type-product","3":"status-publish","4":"has-post-thumbnail","6":"product_cat-shoesm","7":"product_cat-shoesw","9":"first","10":"instock","11":"shipping-taxable","12":"product-type-simple"},"_links":{"self":[{"href":"https:\/\/zonacaterpillar.com\/ec\/wp-json\/wp\/v2\/product\/1145","targetHints":{"allow":["GET"]}}],"collection":[{"href":"https:\/\/zonacaterpillar.com\/ec\/wp-json\/wp\/v2\/product"}],"about":[{"href":"https:\/\/zonacaterpillar.com\/ec\/wp-json\/wp\/v2\/types\/product"}],"wp:featuredmedia":[{"embeddable":true,"href":"https:\/\/zonacaterpillar.com\/ec\/wp-json\/wp\/v2\/media\/1151"}],"wp:attachment":[{"href":"https:\/\/zonacaterpillar.com\/ec\/wp-json\/wp\/v2\/media?parent=1145"}],"wp:term":[{"taxonomy":"product_cat","embeddable":true,"href":"https:\/\/zonacaterpillar.com\/ec\/wp-json\/wp\/v2\/product_cat?post=1145"},{"taxonomy":"product_tag","embeddable":true,"href":"https:\/\/zonacaterpillar.com\/ec\/wp-json\/wp\/v2\/product_tag?post=1145"}],"curies":[{"name":"wp","href":"https:\/\/api.w.org\/{rel}","templated":true}]}}