{"id":1104,"date":"2022-06-21T11:34:08","date_gmt":"2022-06-21T16:34:08","guid":{"rendered":"https:\/\/zonacaterpillar.com\/ec\/?post_type=product&#038;p=1104"},"modified":"2022-06-23T12:22:07","modified_gmt":"2022-06-23T17:22:07","slug":"cat-code-hex-hi-zapatos-deportivos","status":"publish","type":"product","link":"https:\/\/zonacaterpillar.com\/ec\/producto\/cat-code-hex-hi-zapatos-deportivos\/","title":{"rendered":"Cat CODE Hex Hi Zapatos Deportivos"},"content":{"rendered":"<p>La colecci\u00f3n Cat Footwear CODE es vers\u00e1til, c\u00f3moda y moderna. Con la combinaci\u00f3n perfecta de dise\u00f1o atl\u00e9tico e informal, estos zapatos para todos los d\u00edas te permitir\u00e1n seguir tu camino con confianza. Los zapatos Cat Footwear CODE tienen un dise\u00f1o limpio y minimalista que desdibuja la l\u00ednea entre el trabajo y el juego, con comodidad y agarre para que sigas adelante.<br \/>\nCARACTER\u00cdSTICAS CLAVE<br \/>\n\u2022 El dise\u00f1o minimalista es vers\u00e1til, simple y f\u00e1cil de usar<br \/>\n\u2022 Street Shield de CAT Footwear, repelente al agua y las manchas, que protege los zapatos de la suciedad y la mugre cotidianas<br \/>\n\u2022 La suela exterior de caucho brinda agarre y tracci\u00f3n<\/p>\n<p>M\u00c1S INFORMACI\u00d3N<br \/>\n\u2022 Empeine de cuero nobuk<br \/>\n\u2022 Forro de malla suave y transpirable y plantilla de espuma viscoel\u00e1stica para mayor comodidad<br \/>\n\u2022 Disponible en negro, amarillo gato y blanco estrella<br \/>\n\u2022 Disponible en alturas bajas y altas<\/p>\n","protected":false},"excerpt":{"rendered":"<p>La colecci\u00f3n Cat Footwear CODE es vers\u00e1til, c\u00f3moda y moderna. Con la combinaci\u00f3n perfecta de dise\u00f1o atl\u00e9tico e informal, estos zapatos para todos los d\u00edas te permitir\u00e1n seguir tu camino con confianza. Los zapatos Cat Footwear CODE tienen un dise\u00f1o limpio y minimalista que desdibuja la l\u00ednea entre el trabajo y el juego, con comodidad [&hellip;]<\/p>\n","protected":false},"featured_media":1108,"template":"","meta":[],"product_cat":[25,26],"product_tag":[],"class_list":{"0":"post-1104","1":"product","2":"type-product","3":"status-publish","4":"has-post-thumbnail","6":"product_cat-shoesm","7":"product_cat-shoesw","9":"first","10":"instock","11":"shipping-taxable","12":"product-type-simple"},"_links":{"self":[{"href":"https:\/\/zonacaterpillar.com\/ec\/wp-json\/wp\/v2\/product\/1104","targetHints":{"allow":["GET"]}}],"collection":[{"href":"https:\/\/zonacaterpillar.com\/ec\/wp-json\/wp\/v2\/product"}],"about":[{"href":"https:\/\/zonacaterpillar.com\/ec\/wp-json\/wp\/v2\/types\/product"}],"wp:featuredmedia":[{"embeddable":true,"href":"https:\/\/zonacaterpillar.com\/ec\/wp-json\/wp\/v2\/media\/1108"}],"wp:attachment":[{"href":"https:\/\/zonacaterpillar.com\/ec\/wp-json\/wp\/v2\/media?parent=1104"}],"wp:term":[{"taxonomy":"product_cat","embeddable":true,"href":"https:\/\/zonacaterpillar.com\/ec\/wp-json\/wp\/v2\/product_cat?post=1104"},{"taxonomy":"product_tag","embeddable":true,"href":"https:\/\/zonacaterpillar.com\/ec\/wp-json\/wp\/v2\/product_tag?post=1104"}],"curies":[{"name":"wp","href":"https:\/\/api.w.org\/{rel}","templated":true}]}}