{"id":1076,"date":"2022-06-21T11:19:45","date_gmt":"2022-06-21T16:19:45","guid":{"rendered":"https:\/\/zonacaterpillar.com\/ec\/?post_type=product&#038;p=1076"},"modified":"2022-06-21T11:19:45","modified_gmt":"2022-06-21T16:19:45","slug":"cat-brode-con-punta-de-acero","status":"publish","type":"product","link":"https:\/\/zonacaterpillar.com\/ec\/producto\/cat-brode-con-punta-de-acero\/","title":{"rendered":"Cat Brode con Punta de Acero"},"content":{"rendered":"<p>Advertencia: este zapato causar\u00e1 muchas tomas dobles. El zapato con punta de acero Brode se opone a la tendencia de las botas de trabajo con una apariencia deportiva que nunca sacrifica el rendimiento y la durabilidad. La puntera de acero est\u00e1 clasificada en la industria para proteger en el lugar de trabajo. La protecci\u00f3n contra riesgos el\u00e9ctricos tambi\u00e9n cubre circuitos abiertos de hasta 600 voltios en condiciones secas. Este zapato de trabajo es c\u00f3modo y transpirable con un forro de malla y un forro de calcet\u00edn moldeado de EVA para mayor absorci\u00f3n de impactos y amortiguaci\u00f3n. Una suela de goma antideslizante proporciona la estabilidad necesaria para manejar superficies de baja tracci\u00f3n con agarre y confianza. Mant\u00e9ngase aut\u00e9ntico con este estilo de inspiraci\u00f3n atl\u00e9tica y todas las caracter\u00edsticas de seguridad que ofrece el zapato con punta de acero Brode.<br \/>\n\u2022 Punta de acero ASTM F2413-18 que protege contra impactos o compresi\u00f3n<br \/>\n\u2022 Protecci\u00f3n contra riesgos el\u00e9ctricos ASTM F2413-18 clasificada para proteger contra circuitos abiertos de hasta 600 voltios en condiciones secas<br \/>\n\u2022 La construcci\u00f3n Strobel brinda una flexibilidad superior y una durabilidad liviana<br \/>\n\u2022 La parte superior de gamuza brinda durabilidad y durabilidad a largo plazo<br \/>\n\u2022 Nylex\u2122 Sock Liner absorbe la humedad del pie para mantenerlo seco y c\u00f3modo<br \/>\n\u2022 La plantilla de EVA de doble densidad ofrece una mayor absorci\u00f3n de impactos<br \/>\n\u2022 La ca\u00f1a de nailon brinda soporte y estabilidad<br \/>\n\u2022 La suela T1080 funciona contra el aceite y el agua, y es resistente a la abrasi\u00f3n<br \/>\n\u2022 La suela exterior de goma antideslizante reduce el riesgo de resbalones y ca\u00eddas en superficies de baja tracci\u00f3n<br \/>\n\u2022 Importado<\/p>\n","protected":false},"excerpt":{"rendered":"<p>Advertencia: este zapato causar\u00e1 muchas tomas dobles. El zapato con punta de acero Brode se opone a la tendencia de las botas de trabajo con una apariencia deportiva que nunca sacrifica el rendimiento y la durabilidad. La puntera de acero est\u00e1 clasificada en la industria para proteger en el lugar de trabajo. La protecci\u00f3n contra [&hellip;]<\/p>\n","protected":false},"featured_media":1081,"template":"","meta":[],"product_cat":[25],"product_tag":[],"class_list":{"0":"post-1076","1":"product","2":"type-product","3":"status-publish","4":"has-post-thumbnail","6":"product_cat-shoesm","8":"first","9":"instock","10":"shipping-taxable","11":"product-type-simple"},"_links":{"self":[{"href":"https:\/\/zonacaterpillar.com\/ec\/wp-json\/wp\/v2\/product\/1076","targetHints":{"allow":["GET"]}}],"collection":[{"href":"https:\/\/zonacaterpillar.com\/ec\/wp-json\/wp\/v2\/product"}],"about":[{"href":"https:\/\/zonacaterpillar.com\/ec\/wp-json\/wp\/v2\/types\/product"}],"wp:featuredmedia":[{"embeddable":true,"href":"https:\/\/zonacaterpillar.com\/ec\/wp-json\/wp\/v2\/media\/1081"}],"wp:attachment":[{"href":"https:\/\/zonacaterpillar.com\/ec\/wp-json\/wp\/v2\/media?parent=1076"}],"wp:term":[{"taxonomy":"product_cat","embeddable":true,"href":"https:\/\/zonacaterpillar.com\/ec\/wp-json\/wp\/v2\/product_cat?post=1076"},{"taxonomy":"product_tag","embeddable":true,"href":"https:\/\/zonacaterpillar.com\/ec\/wp-json\/wp\/v2\/product_tag?post=1076"}],"curies":[{"name":"wp","href":"https:\/\/api.w.org\/{rel}","templated":true}]}}